{"id":1483,"date":"2023-07-03T09:51:45","date_gmt":"2023-07-03T09:51:45","guid":{"rendered":"https:\/\/jimrajan.com\/?page_id=1483"},"modified":"2025-03-13T15:41:50","modified_gmt":"2025-03-13T15:41:50","slug":"soy-jim-rajan","status":"publish","type":"page","link":"https:\/\/jimrajan.com\/es\/soy-jim-rajan\/","title":{"rendered":"Jim Rajan Es"},"content":{"rendered":"\t\t<div data-elementor-type=\"wp-page\" data-elementor-id=\"1483\" class=\"elementor elementor-1483 elementor-419\" data-elementor-post-type=\"page\">\n\t\t\t\t\t\t<section class=\"elementor-section elementor-top-section elementor-element elementor-element-6da66be elementor-section-full_width elementor-section-height-default elementor-section-height-default\" data-id=\"6da66be\" data-element_type=\"section\" data-e-type=\"section\">\n\t\t\t\t\t\t<div class=\"elementor-container elementor-column-gap-default\">\n\t\t\t\t\t<div class=\"elementor-column elementor-col-50 elementor-top-column elementor-element elementor-element-b62ecd3\" data-id=\"b62ecd3\" data-element_type=\"column\" data-e-type=\"column\" data-settings=\"{&quot;background_background&quot;:&quot;classic&quot;}\">\n\t\t\t<div class=\"elementor-widget-wrap elementor-element-populated\">\n\t\t\t\t\t\t\t<\/div>\n\t\t<\/div>\n\t\t\t\t<div class=\"elementor-column elementor-col-50 elementor-top-column elementor-element elementor-element-5c4fbbd\" data-id=\"5c4fbbd\" data-element_type=\"column\" data-e-type=\"column\" data-settings=\"{&quot;background_background&quot;:&quot;classic&quot;}\">\n\t\t\t<div class=\"elementor-widget-wrap elementor-element-populated\">\n\t\t\t\t\t\t<div class=\"elementor-element elementor-element-ad147c9 elementor-widget elementor-widget-image\" data-id=\"ad147c9\" data-element_type=\"widget\" data-e-type=\"widget\" data-widget_type=\"image.default\">\n\t\t\t\t<div class=\"elementor-widget-container\">\n\t\t\t\t\t\t\t\t\t\t\t\t\t\t\t<img fetchpriority=\"high\" decoding=\"async\" width=\"426\" height=\"330\" src=\"https:\/\/jimrajan.com\/wp-content\/uploads\/2023\/07\/planta.webp\" class=\"attachment-large size-large wp-image-2397\" alt=\"\" srcset=\"https:\/\/jimrajan.com\/wp-content\/uploads\/2023\/07\/planta.webp 426w, https:\/\/jimrajan.com\/wp-content\/uploads\/2023\/07\/planta-300x232.webp 300w\" sizes=\"(max-width: 426px) 100vw, 426px\" \/>\t\t\t\t\t\t\t\t\t\t\t\t\t\t\t<\/div>\n\t\t\t\t<\/div>\n\t\t\t\t<div class=\"elementor-element elementor-element-432e649 elementor-widget elementor-widget-heading\" data-id=\"432e649\" data-element_type=\"widget\" data-e-type=\"widget\" data-widget_type=\"heading.default\">\n\t\t\t\t<div class=\"elementor-widget-container\">\n\t\t\t\t\t<h3 class=\"elementor-heading-title elementor-size-default\">\"Creo en los seres humanos. Todos estamos intr\u00ednsecamente entrelazados. Para aprender juntos. Para crecer juntos. Para comunicarnos y sentir.\" - Jim Rajan<\/h3>\t\t\t\t<\/div>\n\t\t\t\t<\/div>\n\t\t\t\t\t<\/div>\n\t\t<\/div>\n\t\t\t\t\t<\/div>\n\t\t<\/section>\n\t\t\t\t<section class=\"elementor-section elementor-top-section elementor-element elementor-element-4d34e66 elementor-section-boxed elementor-section-height-default elementor-section-height-default\" data-id=\"4d34e66\" data-element_type=\"section\" data-e-type=\"section\">\n\t\t\t\t\t\t<div class=\"elementor-container elementor-column-gap-default\">\n\t\t\t\t\t<div class=\"elementor-column elementor-col-100 elementor-top-column elementor-element elementor-element-470f8c9\" data-id=\"470f8c9\" data-element_type=\"column\" data-e-type=\"column\">\n\t\t\t<div class=\"elementor-widget-wrap elementor-element-populated\">\n\t\t\t\t\t\t<div class=\"elementor-element elementor-element-db782da elementor-widget elementor-widget-heading\" data-id=\"db782da\" data-element_type=\"widget\" data-e-type=\"widget\" data-widget_type=\"heading.default\">\n\t\t\t\t<div class=\"elementor-widget-container\">\n\t\t\t\t\t<h2 class=\"elementor-heading-title elementor-size-default\">Jim Rajan<\/h2>\t\t\t\t<\/div>\n\t\t\t\t<\/div>\n\t\t\t\t\t<\/div>\n\t\t<\/div>\n\t\t\t\t\t<\/div>\n\t\t<\/section>\n\t\t\t\t<section class=\"elementor-section elementor-top-section elementor-element elementor-element-61a57fb elementor-section-boxed elementor-section-height-default elementor-section-height-default\" data-id=\"61a57fb\" data-element_type=\"section\" data-e-type=\"section\">\n\t\t\t\t\t\t<div class=\"elementor-container elementor-column-gap-default\">\n\t\t\t\t\t<div class=\"elementor-column elementor-col-100 elementor-top-column elementor-element elementor-element-698793d\" data-id=\"698793d\" data-element_type=\"column\" data-e-type=\"column\">\n\t\t\t<div class=\"elementor-widget-wrap elementor-element-populated\">\n\t\t\t\t\t\t<div class=\"elementor-element elementor-element-2636d20 elementor-widget elementor-widget-text-editor\" data-id=\"2636d20\" data-element_type=\"widget\" data-e-type=\"widget\" data-widget_type=\"text-editor.default\">\n\t\t\t\t<div class=\"elementor-widget-container\">\n\t\t\t\t\t\t\t\t\t<p>Jim Rajan, ex productor y director nominado a varios premios de MTV-UK Networks y otras productoras de televisi\u00f3n en Londres, lleva m\u00e1s de 17 a\u00f1os de trayectoria profesional como gu\u00eda, sanador y maestro. Est\u00e1 formado en las artes curativas del Chamanismo, Medicina China y Reiki.<\/p>\n<p>El exclusivo m\u00e9todo creado por Jim, la \u00abHealing Ceremony\u00bb, ha cambiado la vida de muchas personas en todo el mundo. La base de su trabajo consiste en guiar y acompa\u00f1ar a las personas sensibles e intuitivas para desbloquear su potencial y transformar su sufrimiento.<\/p>\n<p>Jim tiene m\u00e1s de 9.000 mil seguidores en la aplicaci\u00f3n de meditaci\u00f3n Insight Timer para sus visualizaciones guiadas, m\u00fasica curativa y talleres mensuales de sanaci\u00f3n. Su Comunidad en Instagram ya asciende a 48.000 seguidores. M\u00fasico, compositor y productor autodidacta, Jim ha producido trabajos para artistas en Londres, Reino Unido, Canad\u00e1 y Am\u00e9rica del Norte, as\u00ed como sus propios \u00e1lbumes. Su trabajo est\u00e1 actualmente disponible en Spotify, iTunes, etc. y por supuesto en Insight Timer.<\/p>\n<p>Jim trabaja habitualmente con fabricantes de instrumentos artesanales para producir instrumentos musicales especializados que utiliza para crear experiencias \u00fanicas. Jim es maestro, poeta y autor de \u201dThe Book of Journeys\u201d y \u201cBoost Your Life in 30 Days\u201d (The Daily Affirmation Series).<\/p>\n<p>En 2023, despu\u00e9s de muchos a\u00f1os impartiendo talleres, Jim ha inaugurado \u00abThe Subtle Qualities School\u00bb. Un espacio formativo donde los sensibles y los intuitivos se unen en la exploraci\u00f3n, refinando las sensibilidades, sintonizando a cada individuo con su vocaci\u00f3n superior y construyendo una nueva sensaci\u00f3n de vitalidad.<\/p>\t\t\t\t\t\t\t\t<\/div>\n\t\t\t\t<\/div>\n\t\t\t\t\t<\/div>\n\t\t<\/div>\n\t\t\t\t\t<\/div>\n\t\t<\/section>\n\t\t\t\t<section class=\"elementor-section elementor-top-section elementor-element elementor-element-05ca2fc elementor-section-boxed elementor-section-height-default elementor-section-height-default\" data-id=\"05ca2fc\" data-element_type=\"section\" data-e-type=\"section\">\n\t\t\t\t\t\t<div class=\"elementor-container elementor-column-gap-default\">\n\t\t\t\t\t<div class=\"elementor-column elementor-col-100 elementor-top-column elementor-element elementor-element-7b7e7c0\" data-id=\"7b7e7c0\" data-element_type=\"column\" data-e-type=\"column\">\n\t\t\t<div class=\"elementor-widget-wrap elementor-element-populated\">\n\t\t\t\t\t\t<div class=\"elementor-element elementor-element-5f05704 elementor-widget elementor-widget-text-editor\" data-id=\"5f05704\" data-element_type=\"widget\" data-e-type=\"widget\" data-widget_type=\"text-editor.default\">\n\t\t\t\t<div class=\"elementor-widget-container\">\n\t\t\t\t\t\t\t\t\t<h4 data-pm-slice=\"1 1 []\">Han entrevistado a Jim sobre sus ideas, la Escuela y su propia transformaci\u00f3n personal en varios podcast.<\/h4><h5>Esc\u00fachalo aqu\u00ed:<\/h5><p>Con Christian Sch\u00fctte: <a href=\"https:\/\/youtu.be\/CcN-Y_H6Meg With\" data-wplink-url-error=\"true\">https:\/\/youtu.be\/CcN-Y_H6Meg With<\/a><\/p><p>Con Suzy Rowlands: <a href=\"https:\/\/open.substack.com\/pub\/suzyrowlands\/p\/jim-rajan-redefiningsensitivity?r=1q8vfz&amp;utm_campaign=post&amp;utm_medium=web\">https:\/\/open.substack.com\/pub\/suzyrowlands\/p\/jim-rajan-redefiningsensitivity?r=1q8vfz&amp;utm_campaign=post&amp;utm_medium=web<\/a><\/p><p>La Buena Mirada Podcast con Ana Aguilera: <a href=\"https:\/\/youtu.be\/nGZjt_lKDvg\">https:\/\/youtu.be\/nGZjt_lKDvg<\/a><\/p>\t\t\t\t\t\t\t\t<\/div>\n\t\t\t\t<\/div>\n\t\t\t\t\t<\/div>\n\t\t<\/div>\n\t\t\t\t\t<\/div>\n\t\t<\/section>\n\t\t\t\t<\/div>\n\t\t","protected":false},"excerpt":{"rendered":"<p>\u00abCreo en los seres humanos. Todos estamos intr\u00ednsecamente entrelazados. Para aprender juntos. Para crecer juntos. Para comunicarnos y sentir.\u00bb &#8211; Jim Rajan Jim Rajan Jim Rajan, ex productor y director nominado a varios premios de MTV-UK Networks y otras productoras de televisi\u00f3n en Londres, lleva m\u00e1s de 17 a\u00f1os de trayectoria profesional como gu\u00eda, sanador [&hellip;]<\/p>\n","protected":false},"author":2,"featured_media":0,"parent":0,"menu_order":0,"comment_status":"closed","ping_status":"closed","template":"","meta":{"footnotes":""},"class_list":["post-1483","page","type-page","status-publish","hentry"],"yoast_head":"<!-- This site is optimized with the Yoast SEO plugin v27.1.1 - https:\/\/yoast.com\/product\/yoast-seo-wordpress\/ -->\n<title>Jim Rajan Es - Jim Rajan, Healing Ceremony<\/title>\n<meta name=\"robots\" content=\"index, follow, max-snippet:-1, max-image-preview:large, max-video-preview:-1\" \/>\n<link rel=\"canonical\" href=\"https:\/\/jimrajan.com\/es\/soy-jim-rajan\/\" \/>\n<meta property=\"og:locale\" content=\"es_ES\" \/>\n<meta property=\"og:type\" content=\"article\" \/>\n<meta property=\"og:title\" content=\"Jim Rajan Es - Jim Rajan, Healing Ceremony\" \/>\n<meta property=\"og:description\" content=\"\u00abCreo en los seres humanos. Todos estamos intr\u00ednsecamente entrelazados. Para aprender juntos. Para crecer juntos. Para comunicarnos y sentir.\u00bb &#8211; Jim Rajan Jim Rajan Jim Rajan, ex productor y director nominado a varios premios de MTV-UK Networks y otras productoras de televisi\u00f3n en Londres, lleva m\u00e1s de 17 a\u00f1os de trayectoria profesional como gu\u00eda, sanador [&hellip;]\" \/>\n<meta property=\"og:url\" content=\"https:\/\/jimrajan.com\/es\/soy-jim-rajan\/\" \/>\n<meta property=\"og:site_name\" content=\"Jim Rajan, Healing Ceremony\" \/>\n<meta property=\"article:modified_time\" content=\"2025-03-13T15:41:50+00:00\" \/>\n<meta property=\"og:image\" content=\"https:\/\/jimrajan.com\/wp-content\/uploads\/2023\/07\/planta.webp\" \/>\n\t<meta property=\"og:image:width\" content=\"426\" \/>\n\t<meta property=\"og:image:height\" content=\"330\" \/>\n\t<meta property=\"og:image:type\" content=\"image\/webp\" \/>\n<meta name=\"twitter:card\" content=\"summary_large_image\" \/>\n<meta name=\"twitter:label1\" content=\"Tiempo de lectura\" \/>\n\t<meta name=\"twitter:data1\" content=\"2 minutos\" \/>\n<script type=\"application\/ld+json\" class=\"yoast-schema-graph\">{\"@context\":\"https:\/\/schema.org\",\"@graph\":[{\"@type\":\"WebPage\",\"@id\":\"https:\/\/jimrajan.com\/es\/soy-jim-rajan\/\",\"url\":\"https:\/\/jimrajan.com\/es\/soy-jim-rajan\/\",\"name\":\"Jim Rajan Es - Jim Rajan, Healing Ceremony\",\"isPartOf\":{\"@id\":\"https:\/\/jimrajan.com\/es\/#website\"},\"primaryImageOfPage\":{\"@id\":\"https:\/\/jimrajan.com\/es\/soy-jim-rajan\/#primaryimage\"},\"image\":{\"@id\":\"https:\/\/jimrajan.com\/es\/soy-jim-rajan\/#primaryimage\"},\"thumbnailUrl\":\"https:\/\/jimrajan.com\/wp-content\/uploads\/2023\/07\/planta.webp\",\"datePublished\":\"2023-07-03T09:51:45+00:00\",\"dateModified\":\"2025-03-13T15:41:50+00:00\",\"breadcrumb\":{\"@id\":\"https:\/\/jimrajan.com\/es\/soy-jim-rajan\/#breadcrumb\"},\"inLanguage\":\"es\",\"potentialAction\":[{\"@type\":\"ReadAction\",\"target\":[\"https:\/\/jimrajan.com\/es\/soy-jim-rajan\/\"]}]},{\"@type\":\"ImageObject\",\"inLanguage\":\"es\",\"@id\":\"https:\/\/jimrajan.com\/es\/soy-jim-rajan\/#primaryimage\",\"url\":\"https:\/\/jimrajan.com\/wp-content\/uploads\/2023\/07\/planta.webp\",\"contentUrl\":\"https:\/\/jimrajan.com\/wp-content\/uploads\/2023\/07\/planta.webp\"},{\"@type\":\"BreadcrumbList\",\"@id\":\"https:\/\/jimrajan.com\/es\/soy-jim-rajan\/#breadcrumb\",\"itemListElement\":[{\"@type\":\"ListItem\",\"position\":1,\"name\":\"Portada\",\"item\":\"https:\/\/jimrajan.com\/es\/\"},{\"@type\":\"ListItem\",\"position\":2,\"name\":\"Jim Rajan Es\"}]},{\"@type\":\"WebSite\",\"@id\":\"https:\/\/jimrajan.com\/es\/#website\",\"url\":\"https:\/\/jimrajan.com\/es\/\",\"name\":\"Jim Rajan, Healing Ceremony\",\"description\":\"This site is a space dedicated to the work of Master Seer, Healer and Teacher, Jim Rajan.\",\"publisher\":{\"@id\":\"https:\/\/jimrajan.com\/es\/#\/schema\/person\/3646233c30d6603f9214c2b860abe915\"},\"potentialAction\":[{\"@type\":\"SearchAction\",\"target\":{\"@type\":\"EntryPoint\",\"urlTemplate\":\"https:\/\/jimrajan.com\/es\/?s={search_term_string}\"},\"query-input\":{\"@type\":\"PropertyValueSpecification\",\"valueRequired\":true,\"valueName\":\"search_term_string\"}}],\"inLanguage\":\"es\"},{\"@type\":[\"Person\",\"Organization\"],\"@id\":\"https:\/\/jimrajan.com\/es\/#\/schema\/person\/3646233c30d6603f9214c2b860abe915\",\"name\":\"Jim Rajan\",\"image\":{\"@type\":\"ImageObject\",\"inLanguage\":\"es\",\"@id\":\"https:\/\/jimrajan.com\/es\/#\/schema\/person\/image\/\",\"url\":\"https:\/\/jimrajan.com\/wp-content\/uploads\/2023\/07\/cropped-cropped-logo1.png\",\"contentUrl\":\"https:\/\/jimrajan.com\/wp-content\/uploads\/2023\/07\/cropped-cropped-logo1.png\",\"width\":919,\"height\":776,\"caption\":\"Jim Rajan\"},\"logo\":{\"@id\":\"https:\/\/jimrajan.com\/es\/#\/schema\/person\/image\/\"}}]}<\/script>\n<!-- \/ Yoast SEO plugin. -->","yoast_head_json":{"title":"Jim Rajan Es - Jim Rajan, Healing Ceremony","robots":{"index":"index","follow":"follow","max-snippet":"max-snippet:-1","max-image-preview":"max-image-preview:large","max-video-preview":"max-video-preview:-1"},"canonical":"https:\/\/jimrajan.com\/es\/soy-jim-rajan\/","og_locale":"es_ES","og_type":"article","og_title":"Jim Rajan Es - Jim Rajan, Healing Ceremony","og_description":"\u00abCreo en los seres humanos. Todos estamos intr\u00ednsecamente entrelazados. Para aprender juntos. Para crecer juntos. Para comunicarnos y sentir.\u00bb &#8211; Jim Rajan Jim Rajan Jim Rajan, ex productor y director nominado a varios premios de MTV-UK Networks y otras productoras de televisi\u00f3n en Londres, lleva m\u00e1s de 17 a\u00f1os de trayectoria profesional como gu\u00eda, sanador [&hellip;]","og_url":"https:\/\/jimrajan.com\/es\/soy-jim-rajan\/","og_site_name":"Jim Rajan, Healing Ceremony","article_modified_time":"2025-03-13T15:41:50+00:00","og_image":[{"width":426,"height":330,"url":"https:\/\/jimrajan.com\/wp-content\/uploads\/2023\/07\/planta.webp","type":"image\/webp"}],"twitter_card":"summary_large_image","twitter_misc":{"Tiempo de lectura":"2 minutos"},"schema":{"@context":"https:\/\/schema.org","@graph":[{"@type":"WebPage","@id":"https:\/\/jimrajan.com\/es\/soy-jim-rajan\/","url":"https:\/\/jimrajan.com\/es\/soy-jim-rajan\/","name":"Jim Rajan Es - Jim Rajan, Healing Ceremony","isPartOf":{"@id":"https:\/\/jimrajan.com\/es\/#website"},"primaryImageOfPage":{"@id":"https:\/\/jimrajan.com\/es\/soy-jim-rajan\/#primaryimage"},"image":{"@id":"https:\/\/jimrajan.com\/es\/soy-jim-rajan\/#primaryimage"},"thumbnailUrl":"https:\/\/jimrajan.com\/wp-content\/uploads\/2023\/07\/planta.webp","datePublished":"2023-07-03T09:51:45+00:00","dateModified":"2025-03-13T15:41:50+00:00","breadcrumb":{"@id":"https:\/\/jimrajan.com\/es\/soy-jim-rajan\/#breadcrumb"},"inLanguage":"es","potentialAction":[{"@type":"ReadAction","target":["https:\/\/jimrajan.com\/es\/soy-jim-rajan\/"]}]},{"@type":"ImageObject","inLanguage":"es","@id":"https:\/\/jimrajan.com\/es\/soy-jim-rajan\/#primaryimage","url":"https:\/\/jimrajan.com\/wp-content\/uploads\/2023\/07\/planta.webp","contentUrl":"https:\/\/jimrajan.com\/wp-content\/uploads\/2023\/07\/planta.webp"},{"@type":"BreadcrumbList","@id":"https:\/\/jimrajan.com\/es\/soy-jim-rajan\/#breadcrumb","itemListElement":[{"@type":"ListItem","position":1,"name":"Portada","item":"https:\/\/jimrajan.com\/es\/"},{"@type":"ListItem","position":2,"name":"Jim Rajan Es"}]},{"@type":"WebSite","@id":"https:\/\/jimrajan.com\/es\/#website","url":"https:\/\/jimrajan.com\/es\/","name":"Jim Rajan, Healing Ceremony","description":"This site is a space dedicated to the work of Master Seer, Healer and Teacher, Jim Rajan.","publisher":{"@id":"https:\/\/jimrajan.com\/es\/#\/schema\/person\/3646233c30d6603f9214c2b860abe915"},"potentialAction":[{"@type":"SearchAction","target":{"@type":"EntryPoint","urlTemplate":"https:\/\/jimrajan.com\/es\/?s={search_term_string}"},"query-input":{"@type":"PropertyValueSpecification","valueRequired":true,"valueName":"search_term_string"}}],"inLanguage":"es"},{"@type":["Person","Organization"],"@id":"https:\/\/jimrajan.com\/es\/#\/schema\/person\/3646233c30d6603f9214c2b860abe915","name":"Jim Rajan","image":{"@type":"ImageObject","inLanguage":"es","@id":"https:\/\/jimrajan.com\/es\/#\/schema\/person\/image\/","url":"https:\/\/jimrajan.com\/wp-content\/uploads\/2023\/07\/cropped-cropped-logo1.png","contentUrl":"https:\/\/jimrajan.com\/wp-content\/uploads\/2023\/07\/cropped-cropped-logo1.png","width":919,"height":776,"caption":"Jim Rajan"},"logo":{"@id":"https:\/\/jimrajan.com\/es\/#\/schema\/person\/image\/"}}]}},"_links":{"self":[{"href":"https:\/\/jimrajan.com\/es\/wp-json\/wp\/v2\/pages\/1483","targetHints":{"allow":["GET"]}}],"collection":[{"href":"https:\/\/jimrajan.com\/es\/wp-json\/wp\/v2\/pages"}],"about":[{"href":"https:\/\/jimrajan.com\/es\/wp-json\/wp\/v2\/types\/page"}],"author":[{"embeddable":true,"href":"https:\/\/jimrajan.com\/es\/wp-json\/wp\/v2\/users\/2"}],"replies":[{"embeddable":true,"href":"https:\/\/jimrajan.com\/es\/wp-json\/wp\/v2\/comments?post=1483"}],"version-history":[{"count":5,"href":"https:\/\/jimrajan.com\/es\/wp-json\/wp\/v2\/pages\/1483\/revisions"}],"predecessor-version":[{"id":3309,"href":"https:\/\/jimrajan.com\/es\/wp-json\/wp\/v2\/pages\/1483\/revisions\/3309"}],"wp:attachment":[{"href":"https:\/\/jimrajan.com\/es\/wp-json\/wp\/v2\/media?parent=1483"}],"curies":[{"name":"wp","href":"https:\/\/api.w.org\/{rel}","templated":true}]}}