{"id":1468,"date":"2023-08-09T09:32:42","date_gmt":"2023-08-09T09:32:42","guid":{"rendered":"https:\/\/jimrajan.com\/?page_id=1468"},"modified":"2023-09-19T09:37:23","modified_gmt":"2023-09-19T09:37:23","slug":"aviso-legal","status":"publish","type":"page","link":"https:\/\/jimrajan.com\/es\/aviso-legal\/","title":{"rendered":"Aviso Legal"},"content":{"rendered":"\t\t<div data-elementor-type=\"wp-page\" data-elementor-id=\"1468\" class=\"elementor elementor-1468 elementor-1160\" data-elementor-post-type=\"page\">\n\t\t\t\t\t\t<section class=\"elementor-section elementor-top-section elementor-element elementor-element-e532c1a elementor-section-boxed elementor-section-height-default elementor-section-height-default\" data-id=\"e532c1a\" data-element_type=\"section\" data-e-type=\"section\">\n\t\t\t\t\t\t<div class=\"elementor-container elementor-column-gap-default\">\n\t\t\t\t\t<div class=\"elementor-column elementor-col-100 elementor-top-column elementor-element elementor-element-454be2e\" data-id=\"454be2e\" data-element_type=\"column\" data-e-type=\"column\">\n\t\t\t<div class=\"elementor-widget-wrap elementor-element-populated\">\n\t\t\t\t\t\t<div class=\"elementor-element elementor-element-2169a50 elementor-widget elementor-widget-heading\" data-id=\"2169a50\" data-element_type=\"widget\" data-e-type=\"widget\" data-widget_type=\"heading.default\">\n\t\t\t\t<div class=\"elementor-widget-container\">\n\t\t\t\t\t<h2 class=\"elementor-heading-title elementor-size-default\">Aviso Legal<\/h2>\t\t\t\t<\/div>\n\t\t\t\t<\/div>\n\t\t\t\t<div class=\"elementor-element elementor-element-649f04c elementor-widget elementor-widget-text-editor\" data-id=\"649f04c\" data-element_type=\"widget\" data-e-type=\"widget\" data-widget_type=\"text-editor.default\">\n\t\t\t\t<div class=\"elementor-widget-container\">\n\t\t\t\t\t\t\t\t\tDe conformidad con lo establecido en la Ley 34\/2002, de 11 de julio, de servicios de la sociedad de la informaci\u00f3n y de comercio electr\u00f3nico, se facilita la siguiente informaci\u00f3n:\t\t\t\t\t\t\t\t<\/div>\n\t\t\t\t<\/div>\n\t\t\t\t<div class=\"elementor-element elementor-element-b1c2082 elementor-widget elementor-widget-heading\" data-id=\"b1c2082\" data-element_type=\"widget\" data-e-type=\"widget\" data-widget_type=\"heading.default\">\n\t\t\t\t<div class=\"elementor-widget-container\">\n\t\t\t\t\t<h3 class=\"elementor-heading-title elementor-size-default\">Datos Identificativos<\/h3>\t\t\t\t<\/div>\n\t\t\t\t<\/div>\n\t\t\t\t<div class=\"elementor-element elementor-element-250b5bd elementor-widget elementor-widget-text-editor\" data-id=\"250b5bd\" data-element_type=\"widget\" data-e-type=\"widget\" data-widget_type=\"text-editor.default\">\n\t\t\t\t<div class=\"elementor-widget-container\">\n\t\t\t\t\t\t\t\t\t<p>Usted est\u00e1 visitando la p\u00e1gina web https:\/\/jimrajan.com\/, \/ titularidad de James Rajan, con NIF Y3914318W y direcci\u00f3n fiscal en C\/ Claveles 15, 28260 Galapagar (Madrid)<\/p><p>Tel\u00e9fono: 634280566<br \/>Correo electr\u00f3nico de contacto: jimrajan1@gmail.com<\/p>\t\t\t\t\t\t\t\t<\/div>\n\t\t\t\t<\/div>\n\t\t\t\t<div class=\"elementor-element elementor-element-aa150e1 elementor-widget elementor-widget-heading\" data-id=\"aa150e1\" data-element_type=\"widget\" data-e-type=\"widget\" data-widget_type=\"heading.default\">\n\t\t\t\t<div class=\"elementor-widget-container\">\n\t\t\t\t\t<h3 class=\"elementor-heading-title elementor-size-default\">Usuarios<\/h3>\t\t\t\t<\/div>\n\t\t\t\t<\/div>\n\t\t\t\t<div class=\"elementor-element elementor-element-27db8fd elementor-widget elementor-widget-text-editor\" data-id=\"27db8fd\" data-element_type=\"widget\" data-e-type=\"widget\" data-widget_type=\"text-editor.default\">\n\t\t\t\t<div class=\"elementor-widget-container\">\n\t\t\t\t\t\t\t\t\tMediante este documento ponemos en su conocimiento los t\u00e9rminos y condiciones que regulan el acceso y uso de los sitios web y aplicaciones app m\u00f3viles del Titular, as\u00ed como de los servicios y contenidos asociados a dichos sitios y aplicaciones (en adelante tambi\u00e9n el\/os sitio\/s o los sitios web y app m\u00f3viles).\n<br><br>\nEl acceso o uso de cualquier interesado a un sitio web y\/o app del Titular, implica que el interesado adquiere la condici\u00f3n de \u201cusuario\u201d y con dicha condici\u00f3n, una serie de derechos y obligaciones.<br><br>\n<strong>Es su responsabilidad acceder a las condiciones legales insertas en la presente web y leerlas detenidamente, as\u00ed como, las pol\u00edticas de privacidad, cookies o en su caso, condiciones de venta.\u00a0 Recomendamos:<\/strong>\n<ul>\n \t<li><strong><u>Que visite las mismas cada vez que pretenda acceder o utilizar los servicios y contenidos del sitio y<\/u><\/strong><\/li>\n \t<li><strong><u>Que imprima o almacene en su sistema una copia.<\/u><\/strong><\/li>\n\t\t\t\t\t\t\t\t<\/div>\n\t\t\t\t<\/div>\n\t\t\t\t<div class=\"elementor-element elementor-element-a2e6fa7 elementor-widget elementor-widget-heading\" data-id=\"a2e6fa7\" data-element_type=\"widget\" data-e-type=\"widget\" data-widget_type=\"heading.default\">\n\t\t\t\t<div class=\"elementor-widget-container\">\n\t\t\t\t\t<h3 class=\"elementor-heading-title elementor-size-default\">Uso del Portal<\/h3>\t\t\t\t<\/div>\n\t\t\t\t<\/div>\n\t\t\t\t<div class=\"elementor-element elementor-element-5d6bb55 elementor-widget elementor-widget-text-editor\" data-id=\"5d6bb55\" data-element_type=\"widget\" data-e-type=\"widget\" data-widget_type=\"text-editor.default\">\n\t\t\t\t<div class=\"elementor-widget-container\">\n\t\t\t\t\t\t\t\t\tEsta web proporciona el acceso a multitud de informaci\u00f3n, servicios, programas o datos (en adelante, \u201clos contenidos\u201d) en Internet pertenecientes a el Titular o a sus licenciantes a los que el Usuario puede tener acceso.\n<br><br>\nEl Usuario asume la responsabilidad del uso del portal. Dicha responsabilidad se extiende al registro que fuese necesario para acceder a determinados servicios o contenidos. En dicho registro el Usuario ser\u00e1 responsable de aportar informaci\u00f3n veraz y l\u00edcita. Como consecuencia de este registro, al Usuario se le puede proporcionar una contrase\u00f1a de la que ser\u00e1 responsable, comprometi\u00e9ndose a hacer un uso diligente y confidencial de la misma.\n<br><br>\n<strong>El Usuario se compromete a hacer un uso adecuado de los contenidos y servicios<\/strong>\u00a0(por ejemplo, servicios de chat, foros de discusi\u00f3n o grupos de noticias) que el Titular ofrece a trav\u00e9s de su portal y con car\u00e1cter enunciativo pero no limitativo,\u00a0<strong>a no emplearlos para:<\/strong><br><br>\n<ul>\n \t<li>Incurrir en actividades il\u00edcitas, ilegales o contrarias a la buena fe y al orden p\u00fablico.<\/li>\n \t<li>Difundir contenidos o propaganda racista, xen\u00f3foba, pornogr\u00e1fico-ilegal, de apolog\u00eda del terrorismo o atentatoria contra los derechos humanos.<\/li>\n \t<li>Provocar da\u00f1os en los sistemas f\u00edsicos y l\u00f3gicos del Titular, de sus proveedores o de terceras personas, introducir o difundir en la red virus inform\u00e1ticos o cualesquiera otros sistemas f\u00edsicos o l\u00f3gicos que sean susceptibles de provocar los da\u00f1os anteriormente mencionados.<\/li>\n \t<li>Intentar acceder y, en su caso, utilizar las cuentas de correo electr\u00f3nico de otros usuarios y modificar o manipular sus mensajes.<\/li>\n \t<li>Utilizar el sitio web ni las informaciones que en \u00e9l se contienen con fines comerciales, pol\u00edticos, publicitarios y para cualquier uso comercial, sobre todo en el env\u00edo de correos electr\u00f3nicos no solicitados.<\/li>\n<\/ul>\n<br><br>El Titular se reserva el derecho a retirar todos aquellos comentarios y aportaciones que vulneren el respeto a la dignidad de la persona, que sean discriminatorios, xen\u00f3fobos, racistas, pornogr\u00e1ficos, que atenten contra la juventud o la infancia, el orden o la seguridad p\u00fablica o que, a su juicio, no resultar\u00e1n adecuados para su publicaci\u00f3n.\u00a0<strong>En cualquier caso, el Titular no ser\u00e1 responsable de las opiniones vertidas por los usuarios a trav\u00e9s de los foros, chats, u otras herramientas de participaci\u00f3n.<\/strong>\t\t\t\t\t\t\t\t<\/div>\n\t\t\t\t<\/div>\n\t\t\t\t<div class=\"elementor-element elementor-element-f1e1799 elementor-widget elementor-widget-heading\" data-id=\"f1e1799\" data-element_type=\"widget\" data-e-type=\"widget\" data-widget_type=\"heading.default\">\n\t\t\t\t<div class=\"elementor-widget-container\">\n\t\t\t\t\t<h3 class=\"elementor-heading-title elementor-size-default\">Exclusi\u00f3n de Garant\u00edas y Responsabilidad<\/h3>\t\t\t\t<\/div>\n\t\t\t\t<\/div>\n\t\t\t\t<div class=\"elementor-element elementor-element-872c389 elementor-widget elementor-widget-text-editor\" data-id=\"872c389\" data-element_type=\"widget\" data-e-type=\"widget\" data-widget_type=\"text-editor.default\">\n\t\t\t\t<div class=\"elementor-widget-container\">\n\t\t\t\t\t\t\t\t\tEl Usuario reconoce que la utilizaci\u00f3n de la p\u00e1gina web y de sus contenidos y servicios se desarrolla bajo su exclusiva responsabilidad. En concreto, a t\u00edtulo meramente enunciativo, el Titular no asume ninguna responsabilidad en los siguientes \u00e1mbitos:<br><br>\n<ul>\n \t<li>La disponibilidad del funcionamiento de la p\u00e1gina web, sus servicios y contenidos y su calidad o interoperabilidad.<\/li>\n \t<li>La finalidad para la que la p\u00e1gina web sirva a los objetivos del Usuario.<\/li>\n \t<li>La infracci\u00f3n de la legislaci\u00f3n vigente por parte del Usuario o terceros y, en concreto, de los derechos de propiedad intelectual e industrial que sean titularidad de otras personas o entidades.<\/li>\n \t<li>La existencia de c\u00f3digos maliciosos o cualquier otro elemento inform\u00e1tico da\u00f1ino que pudiera causar el sistema inform\u00e1tico del Usuario o de terceros. Corresponde al Usuario, en todo caso, disponer de herramientas adecuadas para la detecci\u00f3n y desinfecci\u00f3n de estos elementos.<\/li>\n \t<li>El acceso fraudulento a los contenidos o servicios por terceros no autorizados, o, en su caso, la captura, eliminaci\u00f3n, alteraci\u00f3n, modificaci\u00f3n o manipulaci\u00f3n de los mensajes y comunicaciones de cualquier clase que dichos terceros pudiera realizar.<\/li>\n \t<li>Los da\u00f1os producidos a equipos inform\u00e1ticos durante el acceso a la p\u00e1gina web y los da\u00f1os producidos a los Usuarios cuando tengan su origen en fallos o desconexiones en las redes de telecomunicaciones que interrumpan el servicio.<\/li>\n \t<li>Los da\u00f1os o perjuicios que se deriven de circunstancias acaecidas por caso fortuito o fuerza mayor.<\/li>\n<\/ul>\n<br><br>En caso de que existan foros, el uso de los mismos u otros espacios an\u00e1logos, ha de tenerse en cuenta que los mensajes reflejen \u00fanicamente la opini\u00f3n del Usuario que los remite, que es el \u00fanico responsable. El Titular no se hace responsable del contenido de los mensajes \t\t\t\t\t\t\t\t<\/div>\n\t\t\t\t<\/div>\n\t\t\t\t<div class=\"elementor-element elementor-element-00a216a elementor-widget elementor-widget-heading\" data-id=\"00a216a\" data-element_type=\"widget\" data-e-type=\"widget\" data-widget_type=\"heading.default\">\n\t\t\t\t<div class=\"elementor-widget-container\">\n\t\t\t\t\t<h3 class=\"elementor-heading-title elementor-size-default\">Modificaci\u00f3n de este Aviso Legal y Duraci\u00f3n<\/h3>\t\t\t\t<\/div>\n\t\t\t\t<\/div>\n\t\t\t\t<div class=\"elementor-element elementor-element-b6e95f4 elementor-widget elementor-widget-text-editor\" data-id=\"b6e95f4\" data-element_type=\"widget\" data-e-type=\"widget\" data-widget_type=\"text-editor.default\">\n\t\t\t\t<div class=\"elementor-widget-container\">\n\t\t\t\t\t\t\t\t\tEl Titular se reserva el derecho de efectuar sin previo aviso las modificaciones que considere oportunas en su portal, pudiendo cambiar, suprimir o a\u00f1adir tantos contenidos y servicios que se presten a trav\u00e9s de la misma, como la forma en la que \u00e9stos aparezcan representados o localizados en su portal. La vigencia de las citadas condiciones ir\u00e1 en funci\u00f3n de su exposici\u00f3n y estar\u00e1n vigentes hasta que sean modificadas por otras debidamente publicadas.\nLos servicios contenidos en esta secci\u00f3n permiten al Titular monitorizar y analizar el tr\u00e1fico web y pueden ser utilizados para rastrear el comportamiento del Usuario.\t\t\t\t\t\t\t\t<\/div>\n\t\t\t\t<\/div>\n\t\t\t\t<div class=\"elementor-element elementor-element-a2a25fb elementor-widget elementor-widget-heading\" data-id=\"a2a25fb\" data-element_type=\"widget\" data-e-type=\"widget\" data-widget_type=\"heading.default\">\n\t\t\t\t<div class=\"elementor-widget-container\">\n\t\t\t\t\t<h3 class=\"elementor-heading-title elementor-size-default\">Enlaces<\/h3>\t\t\t\t<\/div>\n\t\t\t\t<\/div>\n\t\t\t\t<div class=\"elementor-element elementor-element-16c87d0 elementor-widget elementor-widget-text-editor\" data-id=\"16c87d0\" data-element_type=\"widget\" data-e-type=\"widget\" data-widget_type=\"text-editor.default\">\n\t\t\t\t<div class=\"elementor-widget-container\">\n\t\t\t\t\t\t\t\t\tEn el caso de que en https:\/\/jimrajan.com se incluyesen enlaces o hiperv\u00ednculos hacia otros sitios de Internet, el Titular no ejercer\u00e1 ning\u00fan tipo de control sobre dichos sitios y contenidos. En ning\u00fan caso el Titular asumir\u00e1 responsabilidad alguna por los contenidos de alg\u00fan enlace perteneciente a un sitio web ajeno, ni garantizar\u00e1 la disponibilidad t\u00e9cnica, calidad, fiabilidad, exactitud, amplitud, veracidad, validez y constitucionalidad de cualquier materia o informaci\u00f3n contenida en ninguno de dichos hiperv\u00ednculos y otros sitios en Internet. Igualmente, la inclusi\u00f3n de estas conexiones externas no implicar\u00e1 ning\u00fan tipo de asociaci\u00f3n, fusi\u00f3n o participaci\u00f3n con las entidades conectadas.\t\t\t\t\t\t\t\t<\/div>\n\t\t\t\t<\/div>\n\t\t\t\t<div class=\"elementor-element elementor-element-c1deb57 elementor-widget elementor-widget-heading\" data-id=\"c1deb57\" data-element_type=\"widget\" data-e-type=\"widget\" data-widget_type=\"heading.default\">\n\t\t\t\t<div class=\"elementor-widget-container\">\n\t\t\t\t\t<h3 class=\"elementor-heading-title elementor-size-default\">Derechos de Exclusi\u00f3n<\/h3>\t\t\t\t<\/div>\n\t\t\t\t<\/div>\n\t\t\t\t<div class=\"elementor-element elementor-element-d1620ac elementor-widget elementor-widget-text-editor\" data-id=\"d1620ac\" data-element_type=\"widget\" data-e-type=\"widget\" data-widget_type=\"text-editor.default\">\n\t\t\t\t<div class=\"elementor-widget-container\">\n\t\t\t\t\t\t\t\t\tEl Titular ser reserva el derecho a denegar o retirar el acceso al portal y\/o los servicios ofrecidos sin necesidad de advertencia previa, a instancia propia o de un tercero, a aquellos usuarios que incumplan el contenido de este aviso legal.\t\t\t\t\t\t\t\t<\/div>\n\t\t\t\t<\/div>\n\t\t\t\t<div class=\"elementor-element elementor-element-d3924f8 elementor-widget elementor-widget-heading\" data-id=\"d3924f8\" data-element_type=\"widget\" data-e-type=\"widget\" data-widget_type=\"heading.default\">\n\t\t\t\t<div class=\"elementor-widget-container\">\n\t\t\t\t\t<h3 class=\"elementor-heading-title elementor-size-default\">Generalidades<\/h3>\t\t\t\t<\/div>\n\t\t\t\t<\/div>\n\t\t\t\t<div class=\"elementor-element elementor-element-0fcef2a elementor-widget elementor-widget-text-editor\" data-id=\"0fcef2a\" data-element_type=\"widget\" data-e-type=\"widget\" data-widget_type=\"text-editor.default\">\n\t\t\t\t<div class=\"elementor-widget-container\">\n\t\t\t\t\t\t\t\t\tEL TITULAR perseguir\u00e1 el incumplimiento de las presentes condiciones as\u00ed como cualquier utilizaci\u00f3n indebida de su portal ejerciendo todas las acciones civiles y penales que le puedan corresponder en derecho.\t\t\t\t\t\t\t\t<\/div>\n\t\t\t\t<\/div>\n\t\t\t\t<div class=\"elementor-element elementor-element-a951c35 elementor-widget elementor-widget-heading\" data-id=\"a951c35\" data-element_type=\"widget\" data-e-type=\"widget\" data-widget_type=\"heading.default\">\n\t\t\t\t<div class=\"elementor-widget-container\">\n\t\t\t\t\t<h3 class=\"elementor-heading-title elementor-size-default\">Legislaci\u00f3n Aplicable y Jurisdici\u00f3n<\/h3>\t\t\t\t<\/div>\n\t\t\t\t<\/div>\n\t\t\t\t<div class=\"elementor-element elementor-element-bc36e38 elementor-widget elementor-widget-text-editor\" data-id=\"bc36e38\" data-element_type=\"widget\" data-e-type=\"widget\" data-widget_type=\"text-editor.default\">\n\t\t\t\t<div class=\"elementor-widget-container\">\n\t\t\t\t\t\t\t\t\tLa relaci\u00f3n entre el Titular y el Usuario se regir\u00e1 por la normativa espa\u00f1ola vigente. Todas las disputas y reclamaciones derivadas de este aviso legal se resolver\u00e1n por los juzgados y tribunales espa\u00f1oles del consumidor y usuario.\t\t\t\t\t\t\t\t<\/div>\n\t\t\t\t<\/div>\n\t\t\t\t<div class=\"elementor-element elementor-element-4b3bb78 elementor-widget elementor-widget-heading\" data-id=\"4b3bb78\" data-element_type=\"widget\" data-e-type=\"widget\" data-widget_type=\"heading.default\">\n\t\t\t\t<div class=\"elementor-widget-container\">\n\t\t\t\t\t<h3 class=\"elementor-heading-title elementor-size-default\">Medidas de Seguridad SSL<\/h3>\t\t\t\t<\/div>\n\t\t\t\t<\/div>\n\t\t\t\t<div class=\"elementor-element elementor-element-7491cac elementor-widget elementor-widget-text-editor\" data-id=\"7491cac\" data-element_type=\"widget\" data-e-type=\"widget\" data-widget_type=\"text-editor.default\">\n\t\t\t\t<div class=\"elementor-widget-container\">\n\t\t\t\t\t\t\t\t\t<p>El Titular ha contratado para su sitio web un certificado SSL (\u00abSecure Sockets Layer\u00bb). Un certificado SSL permite proteger toda la informaci\u00f3n personal y confidencial que se pueda manejar en un sitio web, independientemente de la informaci\u00f3n que se est\u00e9 transmitiendo, como por ejemplo, desde cualquiera de los formularios de contacto del sitio web hasta el servidor, o los datos introducidos para la suscripci\u00f3n de boletines de noticias o accesos a las \u00e1reas protegidas, etc. La direcci\u00f3n del sitio web aparecer\u00e1 en color verde, activ\u00e1ndose el protocolo \u201chttps\u201d que permite conexiones seguras desde un servidor web al navegador del usuario.<br \/><br \/>\u00daltima revisi\u00f3n: 19 de Septiembre 2023<\/p>\t\t\t\t\t\t\t\t<\/div>\n\t\t\t\t<\/div>\n\t\t\t\t\t<\/div>\n\t\t<\/div>\n\t\t\t\t\t<\/div>\n\t\t<\/section>\n\t\t\t\t<\/div>\n\t\t","protected":false},"excerpt":{"rendered":"<p>Aviso Legal De conformidad con lo establecido en la Ley 34\/2002, de 11 de julio, de servicios de la sociedad de la informaci\u00f3n y de comercio electr\u00f3nico, se facilita la siguiente informaci\u00f3n: Datos Identificativos Usted est\u00e1 visitando la p\u00e1gina web https:\/\/jimrajan.com\/, \/ titularidad de James Rajan, con NIF Y3914318W y direcci\u00f3n fiscal en C\/ Claveles [&hellip;]<\/p>\n","protected":false},"author":2,"featured_media":0,"parent":0,"menu_order":0,"comment_status":"closed","ping_status":"closed","template":"","meta":{"footnotes":""},"class_list":["post-1468","page","type-page","status-publish","hentry"],"yoast_head":"<!-- This site is optimized with the Yoast SEO plugin v27.1.1 - https:\/\/yoast.com\/product\/yoast-seo-wordpress\/ -->\n<title>Aviso Legal - Jim Rajan, Healing Ceremony<\/title>\n<meta name=\"robots\" content=\"noindex, nofollow\" \/>\n<meta property=\"og:locale\" content=\"es_ES\" \/>\n<meta property=\"og:type\" content=\"article\" \/>\n<meta property=\"og:title\" content=\"Aviso Legal - Jim Rajan, Healing Ceremony\" \/>\n<meta property=\"og:description\" content=\"Aviso Legal De conformidad con lo establecido en la Ley 34\/2002, de 11 de julio, de servicios de la sociedad de la informaci\u00f3n y de comercio electr\u00f3nico, se facilita la siguiente informaci\u00f3n: Datos Identificativos Usted est\u00e1 visitando la p\u00e1gina web https:\/\/jimrajan.com\/, \/ titularidad de James Rajan, con NIF Y3914318W y direcci\u00f3n fiscal en C\/ Claveles [&hellip;]\" \/>\n<meta property=\"og:url\" content=\"https:\/\/jimrajan.com\/es\/aviso-legal\/\" \/>\n<meta property=\"og:site_name\" content=\"Jim Rajan, Healing Ceremony\" \/>\n<meta property=\"article:modified_time\" content=\"2023-09-19T09:37:23+00:00\" \/>\n<meta name=\"twitter:card\" content=\"summary_large_image\" \/>\n<meta name=\"twitter:label1\" content=\"Tiempo de lectura\" \/>\n\t<meta name=\"twitter:data1\" content=\"6 minutos\" \/>\n<script type=\"application\/ld+json\" class=\"yoast-schema-graph\">{\"@context\":\"https:\/\/schema.org\",\"@graph\":[{\"@type\":\"WebPage\",\"@id\":\"https:\/\/jimrajan.com\/es\/aviso-legal\/\",\"url\":\"https:\/\/jimrajan.com\/es\/aviso-legal\/\",\"name\":\"Aviso Legal - Jim Rajan, Healing Ceremony\",\"isPartOf\":{\"@id\":\"https:\/\/jimrajan.com\/es\/#website\"},\"datePublished\":\"2023-08-09T09:32:42+00:00\",\"dateModified\":\"2023-09-19T09:37:23+00:00\",\"breadcrumb\":{\"@id\":\"https:\/\/jimrajan.com\/es\/aviso-legal\/#breadcrumb\"},\"inLanguage\":\"es\",\"potentialAction\":[{\"@type\":\"ReadAction\",\"target\":[\"https:\/\/jimrajan.com\/es\/aviso-legal\/\"]}]},{\"@type\":\"BreadcrumbList\",\"@id\":\"https:\/\/jimrajan.com\/es\/aviso-legal\/#breadcrumb\",\"itemListElement\":[{\"@type\":\"ListItem\",\"position\":1,\"name\":\"Portada\",\"item\":\"https:\/\/jimrajan.com\/es\/\"},{\"@type\":\"ListItem\",\"position\":2,\"name\":\"Aviso Legal\"}]},{\"@type\":\"WebSite\",\"@id\":\"https:\/\/jimrajan.com\/es\/#website\",\"url\":\"https:\/\/jimrajan.com\/es\/\",\"name\":\"Jim Rajan, Healing Ceremony\",\"description\":\"This site is a space dedicated to the work of Master Seer, Healer and Teacher, Jim Rajan.\",\"publisher\":{\"@id\":\"https:\/\/jimrajan.com\/es\/#\/schema\/person\/3646233c30d6603f9214c2b860abe915\"},\"potentialAction\":[{\"@type\":\"SearchAction\",\"target\":{\"@type\":\"EntryPoint\",\"urlTemplate\":\"https:\/\/jimrajan.com\/es\/?s={search_term_string}\"},\"query-input\":{\"@type\":\"PropertyValueSpecification\",\"valueRequired\":true,\"valueName\":\"search_term_string\"}}],\"inLanguage\":\"es\"},{\"@type\":[\"Person\",\"Organization\"],\"@id\":\"https:\/\/jimrajan.com\/es\/#\/schema\/person\/3646233c30d6603f9214c2b860abe915\",\"name\":\"Jim Rajan\",\"image\":{\"@type\":\"ImageObject\",\"inLanguage\":\"es\",\"@id\":\"https:\/\/jimrajan.com\/es\/#\/schema\/person\/image\/\",\"url\":\"https:\/\/jimrajan.com\/wp-content\/uploads\/2023\/07\/cropped-cropped-logo1.png\",\"contentUrl\":\"https:\/\/jimrajan.com\/wp-content\/uploads\/2023\/07\/cropped-cropped-logo1.png\",\"width\":919,\"height\":776,\"caption\":\"Jim Rajan\"},\"logo\":{\"@id\":\"https:\/\/jimrajan.com\/es\/#\/schema\/person\/image\/\"}}]}<\/script>\n<!-- \/ Yoast SEO plugin. -->","yoast_head_json":{"title":"Aviso Legal - Jim Rajan, Healing Ceremony","robots":{"index":"noindex","follow":"nofollow"},"og_locale":"es_ES","og_type":"article","og_title":"Aviso Legal - Jim Rajan, Healing Ceremony","og_description":"Aviso Legal De conformidad con lo establecido en la Ley 34\/2002, de 11 de julio, de servicios de la sociedad de la informaci\u00f3n y de comercio electr\u00f3nico, se facilita la siguiente informaci\u00f3n: Datos Identificativos Usted est\u00e1 visitando la p\u00e1gina web https:\/\/jimrajan.com\/, \/ titularidad de James Rajan, con NIF Y3914318W y direcci\u00f3n fiscal en C\/ Claveles [&hellip;]","og_url":"https:\/\/jimrajan.com\/es\/aviso-legal\/","og_site_name":"Jim Rajan, Healing Ceremony","article_modified_time":"2023-09-19T09:37:23+00:00","twitter_card":"summary_large_image","twitter_misc":{"Tiempo de lectura":"6 minutos"},"schema":{"@context":"https:\/\/schema.org","@graph":[{"@type":"WebPage","@id":"https:\/\/jimrajan.com\/es\/aviso-legal\/","url":"https:\/\/jimrajan.com\/es\/aviso-legal\/","name":"Aviso Legal - Jim Rajan, Healing Ceremony","isPartOf":{"@id":"https:\/\/jimrajan.com\/es\/#website"},"datePublished":"2023-08-09T09:32:42+00:00","dateModified":"2023-09-19T09:37:23+00:00","breadcrumb":{"@id":"https:\/\/jimrajan.com\/es\/aviso-legal\/#breadcrumb"},"inLanguage":"es","potentialAction":[{"@type":"ReadAction","target":["https:\/\/jimrajan.com\/es\/aviso-legal\/"]}]},{"@type":"BreadcrumbList","@id":"https:\/\/jimrajan.com\/es\/aviso-legal\/#breadcrumb","itemListElement":[{"@type":"ListItem","position":1,"name":"Portada","item":"https:\/\/jimrajan.com\/es\/"},{"@type":"ListItem","position":2,"name":"Aviso Legal"}]},{"@type":"WebSite","@id":"https:\/\/jimrajan.com\/es\/#website","url":"https:\/\/jimrajan.com\/es\/","name":"Jim Rajan, Healing Ceremony","description":"This site is a space dedicated to the work of Master Seer, Healer and Teacher, Jim Rajan.","publisher":{"@id":"https:\/\/jimrajan.com\/es\/#\/schema\/person\/3646233c30d6603f9214c2b860abe915"},"potentialAction":[{"@type":"SearchAction","target":{"@type":"EntryPoint","urlTemplate":"https:\/\/jimrajan.com\/es\/?s={search_term_string}"},"query-input":{"@type":"PropertyValueSpecification","valueRequired":true,"valueName":"search_term_string"}}],"inLanguage":"es"},{"@type":["Person","Organization"],"@id":"https:\/\/jimrajan.com\/es\/#\/schema\/person\/3646233c30d6603f9214c2b860abe915","name":"Jim Rajan","image":{"@type":"ImageObject","inLanguage":"es","@id":"https:\/\/jimrajan.com\/es\/#\/schema\/person\/image\/","url":"https:\/\/jimrajan.com\/wp-content\/uploads\/2023\/07\/cropped-cropped-logo1.png","contentUrl":"https:\/\/jimrajan.com\/wp-content\/uploads\/2023\/07\/cropped-cropped-logo1.png","width":919,"height":776,"caption":"Jim Rajan"},"logo":{"@id":"https:\/\/jimrajan.com\/es\/#\/schema\/person\/image\/"}}]}},"_links":{"self":[{"href":"https:\/\/jimrajan.com\/es\/wp-json\/wp\/v2\/pages\/1468","targetHints":{"allow":["GET"]}}],"collection":[{"href":"https:\/\/jimrajan.com\/es\/wp-json\/wp\/v2\/pages"}],"about":[{"href":"https:\/\/jimrajan.com\/es\/wp-json\/wp\/v2\/types\/page"}],"author":[{"embeddable":true,"href":"https:\/\/jimrajan.com\/es\/wp-json\/wp\/v2\/users\/2"}],"replies":[{"embeddable":true,"href":"https:\/\/jimrajan.com\/es\/wp-json\/wp\/v2\/comments?post=1468"}],"version-history":[{"count":5,"href":"https:\/\/jimrajan.com\/es\/wp-json\/wp\/v2\/pages\/1468\/revisions"}],"predecessor-version":[{"id":1789,"href":"https:\/\/jimrajan.com\/es\/wp-json\/wp\/v2\/pages\/1468\/revisions\/1789"}],"wp:attachment":[{"href":"https:\/\/jimrajan.com\/es\/wp-json\/wp\/v2\/media?parent=1468"}],"curies":[{"name":"wp","href":"https:\/\/api.w.org\/{rel}","templated":true}]}}