{"id":1457,"date":"2023-08-09T09:23:46","date_gmt":"2023-08-09T09:23:46","guid":{"rendered":"https:\/\/jimrajan.com\/?page_id=1457"},"modified":"2023-09-19T09:39:29","modified_gmt":"2023-09-19T09:39:29","slug":"politica-cookies","status":"publish","type":"page","link":"https:\/\/jimrajan.com\/es\/politica-cookies\/","title":{"rendered":"Pol\u00edtica de Cookies"},"content":{"rendered":"\t\t<div data-elementor-type=\"wp-page\" data-elementor-id=\"1457\" class=\"elementor elementor-1457 elementor-1452\" data-elementor-post-type=\"page\">\n\t\t\t\t\t\t<section class=\"elementor-section elementor-top-section elementor-element elementor-element-e532c1a elementor-section-boxed elementor-section-height-default elementor-section-height-default\" data-id=\"e532c1a\" data-element_type=\"section\" data-e-type=\"section\">\n\t\t\t\t\t\t<div class=\"elementor-container elementor-column-gap-default\">\n\t\t\t\t\t<div class=\"elementor-column elementor-col-100 elementor-top-column elementor-element elementor-element-454be2e\" data-id=\"454be2e\" data-element_type=\"column\" data-e-type=\"column\">\n\t\t\t<div class=\"elementor-widget-wrap elementor-element-populated\">\n\t\t\t\t\t\t<div class=\"elementor-element elementor-element-2169a50 elementor-widget elementor-widget-heading\" data-id=\"2169a50\" data-element_type=\"widget\" data-e-type=\"widget\" data-widget_type=\"heading.default\">\n\t\t\t\t<div class=\"elementor-widget-container\">\n\t\t\t\t\t<h2 class=\"elementor-heading-title elementor-size-default\">Pol\u00edtica de Cookies<\/h2>\t\t\t\t<\/div>\n\t\t\t\t<\/div>\n\t\t\t\t<div class=\"elementor-element elementor-element-649f04c elementor-widget elementor-widget-text-editor\" data-id=\"649f04c\" data-element_type=\"widget\" data-e-type=\"widget\" data-widget_type=\"text-editor.default\">\n\t\t\t\t<div class=\"elementor-widget-container\">\n\t\t\t\t\t\t\t\t\tEn cumplimiento con lo dispuesto en el art\u00edculo 22.2 de la Ley 34\/2002, de 11 de julio, de Servicios de la Sociedad de la Informaci\u00f3n y de Comercio Electr\u00f3nico, esta p\u00e1gina web le informa, en esta secci\u00f3n, sobre la pol\u00edtica de recogida y tratamiento de cookies jimrajan.com por su propia cuenta, utiliza cookies cuando el Usuario navega por el sitio jimrajan.com (En adelante \u201cla WEB\u201d). Si usted contin\u00faa navegando en la WEB estar\u00e1 aceptando la instalaci\u00f3n de las cookies que este apartado desglosa. En este sentido, se entiende por \u00abcontinuar navegando\u00bb, hacer click en cualquier bot\u00f3n, check box o link de la p\u00e1gina web, hacer scroll, as\u00ed como descargar cualquier contenido ofrecido en el mismo.\t\t\t\t\t\t\t\t<\/div>\n\t\t\t\t<\/div>\n\t\t\t\t<div class=\"elementor-element elementor-element-b1c2082 elementor-widget elementor-widget-heading\" data-id=\"b1c2082\" data-element_type=\"widget\" data-e-type=\"widget\" data-widget_type=\"heading.default\">\n\t\t\t\t<div class=\"elementor-widget-container\">\n\t\t\t\t\t<h3 class=\"elementor-heading-title elementor-size-default\">\u00bfQu\u00e9 son las cookies?<\/h3>\t\t\t\t<\/div>\n\t\t\t\t<\/div>\n\t\t\t\t<div class=\"elementor-element elementor-element-250b5bd elementor-widget elementor-widget-text-editor\" data-id=\"250b5bd\" data-element_type=\"widget\" data-e-type=\"widget\" data-widget_type=\"text-editor.default\">\n\t\t\t\t<div class=\"elementor-widget-container\">\n\t\t\t\t\t\t\t\t\tSe entiende por \u00abCookie\u00bb el fichero que se descarga en el ordenador del Usuario al acceder a determinados sitios web, permitiendo a \u00e9stos, entre otras cosas, almacenar y recuperar informaci\u00f3n sobre los h\u00e1bitos de navegaci\u00f3n del propio Usuario o de su equipo. Dependiendo de la informaci\u00f3n que contengan y de la forma en que utilice su equipo, las cookies pueden ser utilizadas para reconocer a un Usuario. La aceptaci\u00f3n de cookies supone ventajas en la prestaci\u00f3n de servicios interactivos, pues si las acepta, estar\u00e1 facilitando la navegaci\u00f3n y usabilidad de nuestra WEB. En ning\u00fan caso las cookies podr\u00edan da\u00f1ar su equipo, sino todo lo contrario, su activaci\u00f3n nos ayuda a identificar y solucionar los posibles errores que puedan suscitar. El conjunto de cookies de todos nuestros usuarios nos ayuda a mejorar la calidad de la WEB, permiti\u00e9ndonos controlar qu\u00e9 portales son \u00fatiles, cu\u00e1les no y cu\u00e1les son susceptibles de mejora. Adem\u00e1s de las cookies la WEB puede contener \u00abweb beacons\u00bb: un archivo electr\u00f3nico gr\u00e1fico que permite contabilizar a los usuarios que acceden al sitio o acceden a determinadas cookies del mismo, de esta manera, podremos ofrecerle una experiencia a\u00fan m\u00e1s personalizada\t\t\t\t\t\t\t\t<\/div>\n\t\t\t\t<\/div>\n\t\t\t\t<div class=\"elementor-element elementor-element-aa150e1 elementor-widget elementor-widget-heading\" data-id=\"aa150e1\" data-element_type=\"widget\" data-e-type=\"widget\" data-widget_type=\"heading.default\">\n\t\t\t\t<div class=\"elementor-widget-container\">\n\t\t\t\t\t<h3 class=\"elementor-heading-title elementor-size-default\">\u00bfQu\u00e9 tipo de cookies utilizamos?<\/h3>\t\t\t\t<\/div>\n\t\t\t\t<\/div>\n\t\t\t\t<div class=\"elementor-element elementor-element-27db8fd elementor-widget elementor-widget-text-editor\" data-id=\"27db8fd\" data-element_type=\"widget\" data-e-type=\"widget\" data-widget_type=\"text-editor.default\">\n\t\t\t\t<div class=\"elementor-widget-container\">\n\t\t\t\t\t\t\t\t\t<p>Pasamos a desglosar los tipos de cookies existentes:<br \/><br \/>A) Cookies propias: son aquellas que son enviadas a su equipo desde nuestros equipos o dominios y desde el que prestamos el servicio que usted nos solicita.<br \/>B) Cookies de terceros: son aquellas que son enviadas a su equipo desde un equipo o dominio que no es gestionado por nosotros, sino por otra entidad colaboradora.<br \/>C) Cookies de sesi\u00f3n: son aquellas que permanecen en el archivo de cookies de su navegador durante su conexi\u00f3n en la WEB. Son cookies temporales, desaparecen en el momento en que abandone la p\u00e1gina web, por lo que ninguna queda registrada en el disco duro de su ordenador. La informaci\u00f3n obtenida por medio de estas cookies es utilizada para analizar pautas de tr\u00e1fico en la web. A la larga, esto nos permite proporcionar una mejor experiencia para mejorar el contenido y facilitar su uso.<br \/>D) Cookies persistentes: son aquellas que quedan almacenadas en el disco duro y nuestra web las lee cada vez que realiza una nueva visita. La WEB posee una fecha de expiraci\u00f3n determinada, a partir de la cual, las cookies dejar\u00e1n de funcionar. Estas cookies las utilizamos, generalmente, para facilitar los servicios de registro.<br \/>E) Cookies t\u00e9cnicas: son aquellas necesarias para la navegaci\u00f3n y el buen funcionamiento de la p\u00e1gina web. Permiten, por ejemplo, controlar el tr\u00e1fico y la comunicaci\u00f3n de datos o acceder a partes de acceso restringido.<br \/>F) Cookies de personalizaci\u00f3n: son aqu\u00e9llas que te permiten acceder al servicio con unas caracter\u00edsticas predefinidas en funci\u00f3n de una serie de criterios, como por ejemplo el idioma, el tipo de navegador a trav\u00e9s del cual se accede al servicio, la configuraci\u00f3n regional desde donde se accede al servicio, etc.<br \/>G) Cookies de an\u00e1lisis: son aqu\u00e9llas que nos permiten cuantificar el n\u00famero de usuarios y as\u00ed realizar la medici\u00f3n y an\u00e1lisis estad\u00edstico de la utilizaci\u00f3n que hacen los usuarios de los servicios prestados. Para ello se analiza su navegaci\u00f3n en nuestra p\u00e1gina web con el fin de mejorar la calidad del servicio.<br \/>H) Cookies publicitarias: son aqu\u00e9llas que permiten la gesti\u00f3n, de la forma m\u00e1s eficaz posible, de los espacios publicitarios que se pudieran incluir en nuestra p\u00e1gina web.<br \/>I) Cookies de publicidad comportamental: estas cookies almacenan informaci\u00f3n del comportamiento de los usuarios obtenida a trav\u00e9s de la observaci\u00f3n continuada. Gracias a ellas, podemos conocer los h\u00e1bitos de navegaci\u00f3n en internet y mostrarte publicidad relacionada con tu perfil de navegaci\u00f3n.<\/p>\t\t\t\t\t\t\t\t<\/div>\n\t\t\t\t<\/div>\n\t\t\t\t<div class=\"elementor-element elementor-element-0b1ad3b elementor-widget elementor-widget-heading\" data-id=\"0b1ad3b\" data-element_type=\"widget\" data-e-type=\"widget\" data-widget_type=\"heading.default\">\n\t\t\t\t<div class=\"elementor-widget-container\">\n\t\t\t\t\t<h3 class=\"elementor-heading-title elementor-size-default\">\u00bfC\u00f3mo puedo gestionar la eliminaci\u00f3n de las cookies?<\/h3>\t\t\t\t<\/div>\n\t\t\t\t<\/div>\n\t\t\t\t<div class=\"elementor-element elementor-element-75b3707 elementor-widget elementor-widget-text-editor\" data-id=\"75b3707\" data-element_type=\"widget\" data-e-type=\"widget\" data-widget_type=\"text-editor.default\">\n\t\t\t\t<div class=\"elementor-widget-container\">\n\t\t\t\t\t\t\t\t\t<p>El usuario podr\u00e1 configurar su navegador para que notifique y rechace la instalaci\u00f3n de las cookies enviadas por esta WEB, sin que ello perjudique la posibilidad de acceder a los contenidos. Sin embargo, no nos responsabilizamos de que la desactivaci\u00f3n de los mismos impida el buen funcionamiento del sitio. Podr\u00e1 gestionar, bloquear o eliminar las cookies instaladas en su equipo mediante la configuraci\u00f3n de las opciones del navegador instalado en el mismo. El proceso depender\u00e1 del navegador utilizado: Pasamos a transcribir las instrucciones de varios navegadores, pero por favor, consulte las instrucciones y manuales de su navegador para ampliar esta informaci\u00f3n.<\/p>\t\t\t\t\t\t\t\t<\/div>\n\t\t\t\t<\/div>\n\t\t\t\t<div class=\"elementor-element elementor-element-75156c3 elementor-widget elementor-widget-heading\" data-id=\"75156c3\" data-element_type=\"widget\" data-e-type=\"widget\" data-widget_type=\"heading.default\">\n\t\t\t\t<div class=\"elementor-widget-container\">\n\t\t\t\t\t<h3 class=\"elementor-heading-title elementor-size-default\">Gesti\u00f3n de Cookies en Google Chrome<\/h3>\t\t\t\t<\/div>\n\t\t\t\t<\/div>\n\t\t\t\t<div class=\"elementor-element elementor-element-0b7d5c0 elementor-widget elementor-widget-text-editor\" data-id=\"0b7d5c0\" data-element_type=\"widget\" data-e-type=\"widget\" data-widget_type=\"text-editor.default\">\n\t\t\t\t<div class=\"elementor-widget-container\">\n\t\t\t\t\t\t\t\t\tC\u00d3MO ELIMINAR COOKIES\n<br><br>\n1. Ve a Configuraci\u00f3n en el men\u00fa de su navegador.<br>\n2. Haz clic en Mostrar configuraci\u00f3n avanzada.<br>\n3. Haz clic en Eliminar datos de navegaci\u00f3n.<br>\n4. Selecciona el per\u00edodo de tiempo para el que deseas eliminar la informaci\u00f3n en el men\u00fa en la parte superior. Si deseas eliminar todas las cookies en el navegador, haz clic en Desde el origen de los tiempos.<br>\n5. Marca Cookies y otros datos de sitios y complementos.<br>\n6. Haz clic en Borrar datos de navegaci\u00f3n.<br>\n7. Cierra la ventana\n<br><br>\nC\u00d3MO EVITAR QUE LAS COOKIES SE ALMACENEN EN EL NAVEGADOR WEB<br><br>\n1. Ve a Configuraci\u00f3n en el men\u00fa de tu navegador.<br>\n2. Haz clic en Mostrar configuraci\u00f3n avanzada y despu\u00e9s haz clic en Configuraci\u00f3n de contenido.<br>\n3. En Cookies, selecciona tu opci\u00f3n preferida. Si desea evitar que todas las cookies se almacenen, haga clic en No permitir que se guarden datos de los sitios.<br>\n4. Haz clic en Hecho.<br>\n5. Cierra la ventana<br>\t\t\t\t\t\t\t\t<\/div>\n\t\t\t\t<\/div>\n\t\t\t\t<div class=\"elementor-element elementor-element-cdcc664 elementor-widget elementor-widget-heading\" data-id=\"cdcc664\" data-element_type=\"widget\" data-e-type=\"widget\" data-widget_type=\"heading.default\">\n\t\t\t\t<div class=\"elementor-widget-container\">\n\t\t\t\t\t<h3 class=\"elementor-heading-title elementor-size-default\">Gesti\u00f3n de Cookies en Safari<\/h3>\t\t\t\t<\/div>\n\t\t\t\t<\/div>\n\t\t\t\t<div class=\"elementor-element elementor-element-db56412 elementor-widget elementor-widget-text-editor\" data-id=\"db56412\" data-element_type=\"widget\" data-e-type=\"widget\" data-widget_type=\"text-editor.default\">\n\t\t\t\t<div class=\"elementor-widget-container\">\n\t\t\t\t\t\t\t\t\tC\u00d3MO ELIMINAR COOKIES<br><br>1. Ir a Preferencias en el men\u00fa de su navegador.<br>\n2. Haz clic en la pesta\u00f1a Privacidad.<br>\n3. Haz clic en Eliminar todos los datos de los sitios web y despu\u00e9s haz clic en Eliminar para eliminar todas las cookies.<br>\n4. Cierra la ventana.<br><br>C\u00d3MO EVITAR QUE LAS COOKIES SE ALMACENEN EN EL NAVEGADOR WEB<br><br>1. Ir a Preferencias en el men\u00fa de tu navegador<br>\n2. Haz clic en la pesta\u00f1a Privacidad.<br>\n3. En Cookies y datos de sitios web selecciona tu opci\u00f3n preferida. Si deseas evitar que todas las cookies se almacenen, haz clic en Bloquear siempre<br>\n4. Cierra la ventana.\t\t\t\t\t\t\t\t<\/div>\n\t\t\t\t<\/div>\n\t\t\t\t<div class=\"elementor-element elementor-element-1ec3c91 elementor-widget elementor-widget-heading\" data-id=\"1ec3c91\" data-element_type=\"widget\" data-e-type=\"widget\" data-widget_type=\"heading.default\">\n\t\t\t\t<div class=\"elementor-widget-container\">\n\t\t\t\t\t<h3 class=\"elementor-heading-title elementor-size-default\">Gesti\u00f3n de Cookies en Mozilla Firefox<\/h3>\t\t\t\t<\/div>\n\t\t\t\t<\/div>\n\t\t\t\t<div class=\"elementor-element elementor-element-1c68ad7 elementor-widget elementor-widget-text-editor\" data-id=\"1c68ad7\" data-element_type=\"widget\" data-e-type=\"widget\" data-widget_type=\"text-editor.default\">\n\t\t\t\t<div class=\"elementor-widget-container\">\n\t\t\t\t\t\t\t\t\tC\u00d3MO ELIMINAR COOKIES<br><br>1. Ir a Opciones en el men\u00fa de su navegador.<br>\n2. Haz clic en la pesta\u00f1a Privacidad.Haz clic en Mostrar cookies.<br>\n3. Selecciona las cookies que deseas eliminar y haz clic en Eliminar seleccionadas.<br>\n4. Haz clic en Eliminar todas si deseas eliminar todas las cookies en tu navegador web.<br>\n5. Cierra la ventana. Cualquier cambio que hayas hecho se guardar\u00e1 autom\u00e1ticamente.<br><br>C\u00d3MO EVITAR QUE LAS COOKIES SE ALMACENEN EN EL NAVEGADOR WEB<br><br>1. Ir a Configuraci\u00f3n en el men\u00fa de tu navegador.<br>\n2. Selecciona la pesta\u00f1a Privacidad.<br>\n3. En Historial, haz clic en Usar una configuraci\u00f3n personalizada para el historial.<br>\n4. Selecciona tus opciones preferidas en Permitir cookies de sitios web. Si deseas evitar que todas las cookies se almacenen, desactiva la casilla Aceptar cookies de sitios web.<br>\n5. Cierra la ventana. Cualquier cambio que hayas hecho se guardar\u00e1 autom\u00e1ticamente.\t\t\t\t\t\t\t\t<\/div>\n\t\t\t\t<\/div>\n\t\t\t\t<div class=\"elementor-element elementor-element-a2e6fa7 elementor-widget elementor-widget-heading\" data-id=\"a2e6fa7\" data-element_type=\"widget\" data-e-type=\"widget\" data-widget_type=\"heading.default\">\n\t\t\t\t<div class=\"elementor-widget-container\">\n\t\t\t\t\t<h3 class=\"elementor-heading-title elementor-size-default\">Gesti\u00f3n de Cookies en Internet Explorer<\/h3>\t\t\t\t<\/div>\n\t\t\t\t<\/div>\n\t\t\t\t<div class=\"elementor-element elementor-element-16857a8 elementor-widget elementor-widget-text-editor\" data-id=\"16857a8\" data-element_type=\"widget\" data-e-type=\"widget\" data-widget_type=\"text-editor.default\">\n\t\t\t\t<div class=\"elementor-widget-container\">\n\t\t\t\t\t\t\t\t\tC\u00d3MO ELIMINAR COOKIE<br><br>1. Ir a Herramientas (icono de rueda dentada) en el men\u00fa de tu navegador.<br>\n2. Haz clic en Propiedades de Internet.<br>\n3. En la pesta\u00f1a General \u2013 Historial de navegaci\u00f3n, haz clic en Eliminar.<br>\n4. Aseg\u00farate de marcar la opci\u00f3n Cookies y datos de sitios web.<br>\n5. Haz clic en Eliminar.<br>\n6. Haz clic en OK.<br><br>C\u00d3MO EVITAR QUE LAS COOKIES SE ALMACENEN EN EL NAVEGADOR WEB<br><br>1. Ir a Herramientas (icono de rueda dentada) en el men\u00fa de tu navegador.<br>\n2. Haz clic en Opciones de Internet y despu\u00e9s haz clic en la pesta\u00f1a Privacidad.<br>\n3. Mueve la barra deslizante al nivel deseado.<br>\n4. Si deseas evitar que todas las cookies se almacenen, selecciona el nivel Bloquear todas las cookies.<br>\n5. Haz clic en OK\t\t\t\t\t\t\t\t<\/div>\n\t\t\t\t<\/div>\n\t\t\t\t<div class=\"elementor-element elementor-element-ac98950 elementor-widget elementor-widget-heading\" data-id=\"ac98950\" data-element_type=\"widget\" data-e-type=\"widget\" data-widget_type=\"heading.default\">\n\t\t\t\t<div class=\"elementor-widget-container\">\n\t\t\t\t\t<h3 class=\"elementor-heading-title elementor-size-default\">Gesti\u00f3n de Cookies en Opera<\/h3>\t\t\t\t<\/div>\n\t\t\t\t<\/div>\n\t\t\t\t<div class=\"elementor-element elementor-element-8658cff elementor-widget elementor-widget-text-editor\" data-id=\"8658cff\" data-element_type=\"widget\" data-e-type=\"widget\" data-widget_type=\"text-editor.default\">\n\t\t\t\t<div class=\"elementor-widget-container\">\n\t\t\t\t\t\t\t\t\tC\u00d3MO ELIMINAR COOKIES<br><br>1. Ir a Configuraci\u00f3n en el men\u00fa de tu navegador.<br>\n2. Selecciona la pesta\u00f1a de Privacidad y Seguridad.<br>\n3. Haz clic en Cookies y despu\u00e9s haz clic en Todas las cookies y datos de sitios web.<br>\n4. Selecciona las cookies que deseas eliminar y haz clic en Eliminar.<br>\n5. Haz clic en Eliminar todas si deseas eliminar todas las cookies en tu navegador web.<br>\n6. Haz clic en Hecho. Cierra la ventana.<br><br>C\u00d3MO EVITAR QUE LAS COOKIES SE ALMACENEN EN EL NAVEGADOR WEB<br><br>1. Ir a Configuraci\u00f3n en el men\u00fa de tu navegador.<br>\n2. Selecciona la pesta\u00f1a de Privacidad y Seguridad.<br>\n3. En Cookies, selecciona tu opci\u00f3n preferida. Si deseas evitar que todas las cookies se almacenen, haz clic en No permitir que se guarden datos de los sitios.<br>\n3. Cierra la ventana.\n<br><br>\nADVERTENCIA, \u00bfQU\u00c9 PASA SI ELIMINO TODAS LAS COOKIES?: Le advertimos que, si usted opta por eliminar y bloquear todas las cookies de este sitio web, probablemente, puede que una parte del portal no funcione o que la calidad de la p\u00e1gina web pueda verse afectada.<\/div>\n<\/div>\n<\/div>\n<\/div>\n<\/div>\n<\/div>\n<\/div>\n<\/div>\t\t\t\t\t\t\t\t<\/div>\n\t\t\t\t<\/div>\n\t\t\t\t\t<\/div>\n\t\t<\/div>\n\t\t\t\t\t<\/div>\n\t\t<\/section>\n\t\t\t\t<\/div>\n\t\t","protected":false},"excerpt":{"rendered":"<p>Pol\u00edtica de Cookies En cumplimiento con lo dispuesto en el art\u00edculo 22.2 de la Ley 34\/2002, de 11 de julio, de Servicios de la Sociedad de la Informaci\u00f3n y de Comercio Electr\u00f3nico, esta p\u00e1gina web le informa, en esta secci\u00f3n, sobre la pol\u00edtica de recogida y tratamiento de cookies jimrajan.com por su propia cuenta, utiliza [&hellip;]<\/p>\n","protected":false},"author":2,"featured_media":0,"parent":0,"menu_order":0,"comment_status":"closed","ping_status":"closed","template":"","meta":{"footnotes":""},"class_list":["post-1457","page","type-page","status-publish","hentry"],"yoast_head":"<!-- This site is optimized with the Yoast SEO plugin v27.1.1 - https:\/\/yoast.com\/product\/yoast-seo-wordpress\/ -->\n<title>Pol\u00edtica de Cookies - Jim Rajan, Healing Ceremony<\/title>\n<meta name=\"robots\" content=\"noindex, nofollow\" \/>\n<meta property=\"og:locale\" content=\"es_ES\" \/>\n<meta property=\"og:type\" content=\"article\" \/>\n<meta property=\"og:title\" content=\"Pol\u00edtica de Cookies - Jim Rajan, Healing Ceremony\" \/>\n<meta property=\"og:description\" content=\"Pol\u00edtica de Cookies En cumplimiento con lo dispuesto en el art\u00edculo 22.2 de la Ley 34\/2002, de 11 de julio, de Servicios de la Sociedad de la Informaci\u00f3n y de Comercio Electr\u00f3nico, esta p\u00e1gina web le informa, en esta secci\u00f3n, sobre la pol\u00edtica de recogida y tratamiento de cookies jimrajan.com por su propia cuenta, utiliza [&hellip;]\" \/>\n<meta property=\"og:url\" content=\"https:\/\/jimrajan.com\/es\/politica-cookies\/\" \/>\n<meta property=\"og:site_name\" content=\"Jim Rajan, Healing Ceremony\" \/>\n<meta property=\"article:modified_time\" content=\"2023-09-19T09:39:29+00:00\" \/>\n<meta name=\"twitter:card\" content=\"summary_large_image\" \/>\n<meta name=\"twitter:label1\" content=\"Tiempo de lectura\" \/>\n\t<meta name=\"twitter:data1\" content=\"8 minutos\" \/>\n<script type=\"application\/ld+json\" class=\"yoast-schema-graph\">{\"@context\":\"https:\/\/schema.org\",\"@graph\":[{\"@type\":\"WebPage\",\"@id\":\"https:\/\/jimrajan.com\/es\/politica-cookies\/\",\"url\":\"https:\/\/jimrajan.com\/es\/politica-cookies\/\",\"name\":\"Pol\u00edtica de Cookies - Jim Rajan, Healing Ceremony\",\"isPartOf\":{\"@id\":\"https:\/\/jimrajan.com\/es\/#website\"},\"datePublished\":\"2023-08-09T09:23:46+00:00\",\"dateModified\":\"2023-09-19T09:39:29+00:00\",\"breadcrumb\":{\"@id\":\"https:\/\/jimrajan.com\/es\/politica-cookies\/#breadcrumb\"},\"inLanguage\":\"es\",\"potentialAction\":[{\"@type\":\"ReadAction\",\"target\":[\"https:\/\/jimrajan.com\/es\/politica-cookies\/\"]}]},{\"@type\":\"BreadcrumbList\",\"@id\":\"https:\/\/jimrajan.com\/es\/politica-cookies\/#breadcrumb\",\"itemListElement\":[{\"@type\":\"ListItem\",\"position\":1,\"name\":\"Portada\",\"item\":\"https:\/\/jimrajan.com\/es\/\"},{\"@type\":\"ListItem\",\"position\":2,\"name\":\"Pol\u00edtica de Cookies\"}]},{\"@type\":\"WebSite\",\"@id\":\"https:\/\/jimrajan.com\/es\/#website\",\"url\":\"https:\/\/jimrajan.com\/es\/\",\"name\":\"Jim Rajan, Healing Ceremony\",\"description\":\"This site is a space dedicated to the work of Master Seer, Healer and Teacher, Jim Rajan.\",\"publisher\":{\"@id\":\"https:\/\/jimrajan.com\/es\/#\/schema\/person\/3646233c30d6603f9214c2b860abe915\"},\"potentialAction\":[{\"@type\":\"SearchAction\",\"target\":{\"@type\":\"EntryPoint\",\"urlTemplate\":\"https:\/\/jimrajan.com\/es\/?s={search_term_string}\"},\"query-input\":{\"@type\":\"PropertyValueSpecification\",\"valueRequired\":true,\"valueName\":\"search_term_string\"}}],\"inLanguage\":\"es\"},{\"@type\":[\"Person\",\"Organization\"],\"@id\":\"https:\/\/jimrajan.com\/es\/#\/schema\/person\/3646233c30d6603f9214c2b860abe915\",\"name\":\"Jim Rajan\",\"image\":{\"@type\":\"ImageObject\",\"inLanguage\":\"es\",\"@id\":\"https:\/\/jimrajan.com\/es\/#\/schema\/person\/image\/\",\"url\":\"https:\/\/jimrajan.com\/wp-content\/uploads\/2023\/07\/cropped-cropped-logo1.png\",\"contentUrl\":\"https:\/\/jimrajan.com\/wp-content\/uploads\/2023\/07\/cropped-cropped-logo1.png\",\"width\":919,\"height\":776,\"caption\":\"Jim Rajan\"},\"logo\":{\"@id\":\"https:\/\/jimrajan.com\/es\/#\/schema\/person\/image\/\"}}]}<\/script>\n<!-- \/ Yoast SEO plugin. -->","yoast_head_json":{"title":"Pol\u00edtica de Cookies - Jim Rajan, Healing Ceremony","robots":{"index":"noindex","follow":"nofollow"},"og_locale":"es_ES","og_type":"article","og_title":"Pol\u00edtica de Cookies - Jim Rajan, Healing Ceremony","og_description":"Pol\u00edtica de Cookies En cumplimiento con lo dispuesto en el art\u00edculo 22.2 de la Ley 34\/2002, de 11 de julio, de Servicios de la Sociedad de la Informaci\u00f3n y de Comercio Electr\u00f3nico, esta p\u00e1gina web le informa, en esta secci\u00f3n, sobre la pol\u00edtica de recogida y tratamiento de cookies jimrajan.com por su propia cuenta, utiliza [&hellip;]","og_url":"https:\/\/jimrajan.com\/es\/politica-cookies\/","og_site_name":"Jim Rajan, Healing Ceremony","article_modified_time":"2023-09-19T09:39:29+00:00","twitter_card":"summary_large_image","twitter_misc":{"Tiempo de lectura":"8 minutos"},"schema":{"@context":"https:\/\/schema.org","@graph":[{"@type":"WebPage","@id":"https:\/\/jimrajan.com\/es\/politica-cookies\/","url":"https:\/\/jimrajan.com\/es\/politica-cookies\/","name":"Pol\u00edtica de Cookies - Jim Rajan, Healing Ceremony","isPartOf":{"@id":"https:\/\/jimrajan.com\/es\/#website"},"datePublished":"2023-08-09T09:23:46+00:00","dateModified":"2023-09-19T09:39:29+00:00","breadcrumb":{"@id":"https:\/\/jimrajan.com\/es\/politica-cookies\/#breadcrumb"},"inLanguage":"es","potentialAction":[{"@type":"ReadAction","target":["https:\/\/jimrajan.com\/es\/politica-cookies\/"]}]},{"@type":"BreadcrumbList","@id":"https:\/\/jimrajan.com\/es\/politica-cookies\/#breadcrumb","itemListElement":[{"@type":"ListItem","position":1,"name":"Portada","item":"https:\/\/jimrajan.com\/es\/"},{"@type":"ListItem","position":2,"name":"Pol\u00edtica de Cookies"}]},{"@type":"WebSite","@id":"https:\/\/jimrajan.com\/es\/#website","url":"https:\/\/jimrajan.com\/es\/","name":"Jim Rajan, Healing Ceremony","description":"This site is a space dedicated to the work of Master Seer, Healer and Teacher, Jim Rajan.","publisher":{"@id":"https:\/\/jimrajan.com\/es\/#\/schema\/person\/3646233c30d6603f9214c2b860abe915"},"potentialAction":[{"@type":"SearchAction","target":{"@type":"EntryPoint","urlTemplate":"https:\/\/jimrajan.com\/es\/?s={search_term_string}"},"query-input":{"@type":"PropertyValueSpecification","valueRequired":true,"valueName":"search_term_string"}}],"inLanguage":"es"},{"@type":["Person","Organization"],"@id":"https:\/\/jimrajan.com\/es\/#\/schema\/person\/3646233c30d6603f9214c2b860abe915","name":"Jim Rajan","image":{"@type":"ImageObject","inLanguage":"es","@id":"https:\/\/jimrajan.com\/es\/#\/schema\/person\/image\/","url":"https:\/\/jimrajan.com\/wp-content\/uploads\/2023\/07\/cropped-cropped-logo1.png","contentUrl":"https:\/\/jimrajan.com\/wp-content\/uploads\/2023\/07\/cropped-cropped-logo1.png","width":919,"height":776,"caption":"Jim Rajan"},"logo":{"@id":"https:\/\/jimrajan.com\/es\/#\/schema\/person\/image\/"}}]}},"_links":{"self":[{"href":"https:\/\/jimrajan.com\/es\/wp-json\/wp\/v2\/pages\/1457","targetHints":{"allow":["GET"]}}],"collection":[{"href":"https:\/\/jimrajan.com\/es\/wp-json\/wp\/v2\/pages"}],"about":[{"href":"https:\/\/jimrajan.com\/es\/wp-json\/wp\/v2\/types\/page"}],"author":[{"embeddable":true,"href":"https:\/\/jimrajan.com\/es\/wp-json\/wp\/v2\/users\/2"}],"replies":[{"embeddable":true,"href":"https:\/\/jimrajan.com\/es\/wp-json\/wp\/v2\/comments?post=1457"}],"version-history":[{"count":5,"href":"https:\/\/jimrajan.com\/es\/wp-json\/wp\/v2\/pages\/1457\/revisions"}],"predecessor-version":[{"id":1792,"href":"https:\/\/jimrajan.com\/es\/wp-json\/wp\/v2\/pages\/1457\/revisions\/1792"}],"wp:attachment":[{"href":"https:\/\/jimrajan.com\/es\/wp-json\/wp\/v2\/media?parent=1457"}],"curies":[{"name":"wp","href":"https:\/\/api.w.org\/{rel}","templated":true}]}}