{"id":1429,"date":"2023-07-17T10:13:02","date_gmt":"2023-07-17T10:13:02","guid":{"rendered":"https:\/\/jimrajan.com\/?page_id=1429"},"modified":"2023-12-29T09:40:19","modified_gmt":"2023-12-29T09:40:19","slug":"libros","status":"publish","type":"page","link":"https:\/\/jimrajan.com\/es\/libros\/","title":{"rendered":"Libros"},"content":{"rendered":"\t\t<div data-elementor-type=\"wp-page\" data-elementor-id=\"1429\" class=\"elementor elementor-1429 elementor-744\" data-elementor-post-type=\"page\">\n\t\t\t\t\t\t<section class=\"elementor-section elementor-top-section elementor-element elementor-element-ad4f718 elementor-section-height-min-height elementor-section-boxed elementor-section-height-default elementor-section-items-middle\" data-id=\"ad4f718\" data-element_type=\"section\" data-e-type=\"section\" data-settings=\"{&quot;background_background&quot;:&quot;classic&quot;}\">\n\t\t\t\t\t\t<div class=\"elementor-container elementor-column-gap-default\">\n\t\t\t\t\t<div class=\"elementor-column elementor-col-100 elementor-top-column elementor-element elementor-element-a1e3346\" data-id=\"a1e3346\" data-element_type=\"column\" data-e-type=\"column\">\n\t\t\t<div class=\"elementor-widget-wrap\">\n\t\t\t\t\t\t\t<\/div>\n\t\t<\/div>\n\t\t\t\t\t<\/div>\n\t\t<\/section>\n\t\t\t\t<section class=\"elementor-section elementor-top-section elementor-element elementor-element-61a57fb elementor-section-boxed elementor-section-height-default elementor-section-height-default\" data-id=\"61a57fb\" data-element_type=\"section\" data-e-type=\"section\">\n\t\t\t\t\t\t<div class=\"elementor-container elementor-column-gap-default\">\n\t\t\t\t\t<div class=\"elementor-column elementor-col-50 elementor-top-column elementor-element elementor-element-1bdd5e0\" data-id=\"1bdd5e0\" data-element_type=\"column\" data-e-type=\"column\">\n\t\t\t<div class=\"elementor-widget-wrap elementor-element-populated\">\n\t\t\t\t\t\t<div class=\"elementor-element elementor-element-dd8ada8 elementor-widget elementor-widget-image\" data-id=\"dd8ada8\" data-element_type=\"widget\" data-e-type=\"widget\" data-widget_type=\"image.default\">\n\t\t\t\t<div class=\"elementor-widget-container\">\n\t\t\t\t\t\t\t\t\t\t\t\t\t\t\t<img fetchpriority=\"high\" decoding=\"async\" width=\"737\" height=\"1024\" src=\"https:\/\/jimrajan.com\/wp-content\/uploads\/2023\/07\/thebookofjourneys-737x1024.webp\" class=\"attachment-large size-large wp-image-2392\" alt=\"\" srcset=\"https:\/\/jimrajan.com\/wp-content\/uploads\/2023\/07\/thebookofjourneys-737x1024.webp 737w, https:\/\/jimrajan.com\/wp-content\/uploads\/2023\/07\/thebookofjourneys-600x833.webp 600w, https:\/\/jimrajan.com\/wp-content\/uploads\/2023\/07\/thebookofjourneys-216x300.webp 216w, https:\/\/jimrajan.com\/wp-content\/uploads\/2023\/07\/thebookofjourneys-768x1066.webp 768w, https:\/\/jimrajan.com\/wp-content\/uploads\/2023\/07\/thebookofjourneys-1106x1536.webp 1106w, https:\/\/jimrajan.com\/wp-content\/uploads\/2023\/07\/thebookofjourneys-1475x2048.webp 1475w, https:\/\/jimrajan.com\/wp-content\/uploads\/2023\/07\/thebookofjourneys.webp 1477w\" sizes=\"(max-width: 737px) 100vw, 737px\" \/>\t\t\t\t\t\t\t\t\t\t\t\t\t\t\t<\/div>\n\t\t\t\t<\/div>\n\t\t\t\t\t<\/div>\n\t\t<\/div>\n\t\t\t\t<div class=\"elementor-column elementor-col-50 elementor-top-column elementor-element elementor-element-698793d\" data-id=\"698793d\" data-element_type=\"column\" data-e-type=\"column\">\n\t\t\t<div class=\"elementor-widget-wrap elementor-element-populated\">\n\t\t\t\t\t\t<div class=\"elementor-element elementor-element-18fb3d4 elementor-widget elementor-widget-heading\" data-id=\"18fb3d4\" data-element_type=\"widget\" data-e-type=\"widget\" data-widget_type=\"heading.default\">\n\t\t\t\t<div class=\"elementor-widget-container\">\n\t\t\t\t\t<h2 class=\"elementor-heading-title elementor-size-default\">The Book of Journeys<\/h2>\t\t\t\t<\/div>\n\t\t\t\t<\/div>\n\t\t\t\t<div class=\"elementor-element elementor-element-649f04c elementor-widget elementor-widget-text-editor\" data-id=\"649f04c\" data-element_type=\"widget\" data-e-type=\"widget\" data-widget_type=\"text-editor.default\">\n\t\t\t\t<div class=\"elementor-widget-container\">\n\t\t\t\t\t\t\t\t\t<p>Este peque\u00f1o y elegante libro de cuentos y poemas es un recurso que Jim ha utilizado en sus talleres y cursos. Est\u00e1 lleno de viajes sencillos y m\u00e1gicos que te llevar\u00e1n a un estado de conciencia m\u00e1s profundo.<\/p><p>A medida que pasas cada p\u00e1gina, te encontrar\u00e1s inmerso en el mundo m\u00edstico de Jim. Templos hind\u00faes, rituales antiguos y viajes edificantes a trav\u00e9s del espacio y el tiempo.<\/p><p>The Book of Journeys es un conjunto de obras para conectarte con lo divino.<\/p>\t\t\t\t\t\t\t\t<\/div>\n\t\t\t\t<\/div>\n\t\t\t\t<section class=\"elementor-section elementor-inner-section elementor-element elementor-element-028630c elementor-section-boxed elementor-section-height-default elementor-section-height-default\" data-id=\"028630c\" data-element_type=\"section\" data-e-type=\"section\">\n\t\t\t\t\t\t<div class=\"elementor-container elementor-column-gap-default\">\n\t\t\t\t\t<div class=\"elementor-column elementor-col-100 elementor-inner-column elementor-element elementor-element-d342625\" data-id=\"d342625\" data-element_type=\"column\" data-e-type=\"column\" data-settings=\"{&quot;background_background&quot;:&quot;classic&quot;}\">\n\t\t\t<div class=\"elementor-widget-wrap elementor-element-populated\">\n\t\t\t\t\t\t<div class=\"elementor-element elementor-element-3e94b10 elementor-widget elementor-widget-heading\" data-id=\"3e94b10\" data-element_type=\"widget\" data-e-type=\"widget\" data-widget_type=\"heading.default\">\n\t\t\t\t<div class=\"elementor-widget-container\">\n\t\t\t\t\t<h3 class=\"elementor-heading-title elementor-size-default\">Sinopsis<\/h3>\t\t\t\t<\/div>\n\t\t\t\t<\/div>\n\t\t\t\t<div class=\"elementor-element elementor-element-e3cf6a5 elementor-widget elementor-widget-text-editor\" data-id=\"e3cf6a5\" data-element_type=\"widget\" data-e-type=\"widget\" data-widget_type=\"text-editor.default\">\n\t\t\t\t<div class=\"elementor-widget-container\">\n\t\t\t\t\t\t\t\t\t<p>The Book of Journeys es una colecci\u00f3n de poes\u00eda y escritos del sanador, maestro y productor Jim Rajan. Muchos de estos textos se han utilizado en sus talleres. Cada uno de ellos te lleva a un mundo fant\u00e1sticamente abierto y expansivo, o a un lugar de reflexi\u00f3n y contemplaci\u00f3n profunda.<\/p><p>El trabajo de Jim se basa en ayudar a otros a sanarse a s\u00ed mismos. Cuando reescribes o vuelves a aprender tu propia historia, la vida se construye a tu alrededor de una manera diferente, m\u00e1s satisfactoria y emocionante. Este libro es parte de ese proceso. Cada viaje est\u00e1 ah\u00ed para que encuentres m\u00e1s y m\u00e1s de ti mismo a medida que recorres sus p\u00e1ginas.<\/p><p>Si el mayor regalo que puedes darle a este mundo es tu propia presencia, este libro te ayudar\u00e1 a encontrar el centro, a sentarte all\u00ed tranquila y c\u00f3modamente disfrutando del sentimiento, el ser y el conocimiento.<\/p>\t\t\t\t\t\t\t\t<\/div>\n\t\t\t\t<\/div>\n\t\t\t\t\t<\/div>\n\t\t<\/div>\n\t\t\t\t\t<\/div>\n\t\t<\/section>\n\t\t\t\t<section class=\"elementor-section elementor-inner-section elementor-element elementor-element-4bac03a elementor-section-boxed elementor-section-height-default elementor-section-height-default\" data-id=\"4bac03a\" data-element_type=\"section\" data-e-type=\"section\">\n\t\t\t\t\t\t<div class=\"elementor-container elementor-column-gap-default\">\n\t\t\t\t\t<div class=\"elementor-column elementor-col-100 elementor-inner-column elementor-element elementor-element-7a8cffa\" data-id=\"7a8cffa\" data-element_type=\"column\" data-e-type=\"column\">\n\t\t\t<div class=\"elementor-widget-wrap elementor-element-populated\">\n\t\t\t\t\t\t<div class=\"elementor-element elementor-element-7f9f9e3 elementor-align-center elementor-widget elementor-widget-button\" data-id=\"7f9f9e3\" data-element_type=\"widget\" data-e-type=\"widget\" data-widget_type=\"button.default\">\n\t\t\t\t<div class=\"elementor-widget-container\">\n\t\t\t\t\t\t\t\t\t<div class=\"elementor-button-wrapper\">\n\t\t\t\t\t<a class=\"elementor-button elementor-button-link elementor-size-md\" href=\"https:\/\/www.amazon.com\/Book-Journeys-Jim-Rajan\/dp\/B0B4P55XCQ\/ref=sr_1_2?%20crid=B58HLZJRGXZ3&#038;keywords=jim+rajan&#038;qid=1690204936&#038;sprefix=jim+rajan%%202Caps%2C228&#038;sr=8-2\" target=\"_blank\">\n\t\t\t\t\t\t<span class=\"elementor-button-content-wrapper\">\n\t\t\t\t\t\t\t\t\t<span class=\"elementor-button-text\">Comprar<\/span>\n\t\t\t\t\t<\/span>\n\t\t\t\t\t<\/a>\n\t\t\t\t<\/div>\n\t\t\t\t\t\t\t\t<\/div>\n\t\t\t\t<\/div>\n\t\t\t\t\t<\/div>\n\t\t<\/div>\n\t\t\t\t\t<\/div>\n\t\t<\/section>\n\t\t\t\t\t<\/div>\n\t\t<\/div>\n\t\t\t\t\t<\/div>\n\t\t<\/section>\n\t\t\t\t<section class=\"elementor-section elementor-top-section elementor-element elementor-element-72b4cb4 elementor-reverse-tablet elementor-reverse-mobile elementor-section-boxed elementor-section-height-default elementor-section-height-default\" data-id=\"72b4cb4\" data-element_type=\"section\" data-e-type=\"section\">\n\t\t\t\t\t\t<div class=\"elementor-container elementor-column-gap-default\">\n\t\t\t\t\t<div class=\"elementor-column elementor-col-50 elementor-top-column elementor-element elementor-element-278946b\" data-id=\"278946b\" data-element_type=\"column\" data-e-type=\"column\">\n\t\t\t<div class=\"elementor-widget-wrap elementor-element-populated\">\n\t\t\t\t\t\t<div class=\"elementor-element elementor-element-9793e66 elementor-widget elementor-widget-heading\" data-id=\"9793e66\" data-element_type=\"widget\" data-e-type=\"widget\" data-widget_type=\"heading.default\">\n\t\t\t\t<div class=\"elementor-widget-container\">\n\t\t\t\t\t<h2 class=\"elementor-heading-title elementor-size-default\">Boost Your Life in 30 Days<\/h2>\t\t\t\t<\/div>\n\t\t\t\t<\/div>\n\t\t\t\t<div class=\"elementor-element elementor-element-86ffbe6 elementor-widget elementor-widget-text-editor\" data-id=\"86ffbe6\" data-element_type=\"widget\" data-e-type=\"widget\" data-widget_type=\"text-editor.default\">\n\t\t\t\t<div class=\"elementor-widget-container\">\n\t\t\t\t\t\t\t\t\t<p>\u00a1Puedes cambiar tu vida en 30 d\u00edas!<\/p><p>No es dif\u00edcil, todo lo que se necesita es constancia y este libro te ayudar\u00e1 a conseguirlo. En Boost Your Life in 30 Days encontrar\u00e1s 30 afirmaciones poderosas, que te ayudar\u00e1n a lograr un cambio duradero en tu vida diaria.<\/p><p>Se ha demostrado cient\u00edficamente que las afirmaciones aumentan la autoestima mejorando la imagen de uno mismo. Reentrenar tu cerebro, reeducando tu mente para que est\u00e9 bajo tu control.<\/p><p>Las afirmaciones te ayudan a experimentar tu vida de una manera nueva. Te abrir\u00e1s a nuevas oportunidades, nuevos caminos y nuevos peque\u00f1os milagros.<\/p><p>Un recurso poderoso para mantenerte centrado y fuerte cada d\u00eda.<\/p>\t\t\t\t\t\t\t\t<\/div>\n\t\t\t\t<\/div>\n\t\t\t\t<section class=\"elementor-section elementor-inner-section elementor-element elementor-element-3f2aa25 elementor-section-boxed elementor-section-height-default elementor-section-height-default\" data-id=\"3f2aa25\" data-element_type=\"section\" data-e-type=\"section\">\n\t\t\t\t\t\t<div class=\"elementor-container elementor-column-gap-default\">\n\t\t\t\t\t<div class=\"elementor-column elementor-col-100 elementor-inner-column elementor-element elementor-element-5ced55c\" data-id=\"5ced55c\" data-element_type=\"column\" data-e-type=\"column\" data-settings=\"{&quot;background_background&quot;:&quot;classic&quot;}\">\n\t\t\t<div class=\"elementor-widget-wrap elementor-element-populated\">\n\t\t\t\t\t\t<div class=\"elementor-element elementor-element-a19e538 elementor-widget elementor-widget-heading\" data-id=\"a19e538\" data-element_type=\"widget\" data-e-type=\"widget\" data-widget_type=\"heading.default\">\n\t\t\t\t<div class=\"elementor-widget-container\">\n\t\t\t\t\t<h3 class=\"elementor-heading-title elementor-size-default\">Sinopsis<\/h3>\t\t\t\t<\/div>\n\t\t\t\t<\/div>\n\t\t\t\t<div class=\"elementor-element elementor-element-35cec59 elementor-widget elementor-widget-text-editor\" data-id=\"35cec59\" data-element_type=\"widget\" data-e-type=\"widget\" data-widget_type=\"text-editor.default\">\n\t\t\t\t<div class=\"elementor-widget-container\">\n\t\t\t\t\t\t\t\t\t<div class=\"page\" title=\"Page 7\"><div class=\"section\"><div class=\"layoutArea\"><div class=\"column\"><p>Este libro fue escrito gracias al \u00e9xito de la serie Daily Affirmations de Jim Rajan en las redes sociales. Afirmaciones cuidadosamente seleccionadas que te ayudar\u00e1n a superar la r\u00edgida estructura de la mente y liberar viejos patrones.<\/p><p>La vida es dif\u00edcil, es un hecho. Vivir tu sue\u00f1o puede ser muy dif\u00edcil de manifestar, pero este libro te ayudar\u00e1. Te mereces lo mejor, mereces tener una gran experiencia vital, llena de alegr\u00eda y emoci\u00f3n, aventura y prosperidad.<\/p><p>Este libro te ayudar\u00e1 a reconfigurar tu cerebro, a recurrir a tu propia sabidur\u00eda inherente y a crear oportunidades nuevas y satisfactorias para ti. \u00a1Pru\u00e9balo, te sorprender\u00e1s!<\/p><\/div><\/div><\/div><\/div>\t\t\t\t\t\t\t\t<\/div>\n\t\t\t\t<\/div>\n\t\t\t\t\t<\/div>\n\t\t<\/div>\n\t\t\t\t\t<\/div>\n\t\t<\/section>\n\t\t\t\t<section class=\"elementor-section elementor-inner-section elementor-element elementor-element-9be8201 elementor-section-boxed elementor-section-height-default elementor-section-height-default\" data-id=\"9be8201\" data-element_type=\"section\" data-e-type=\"section\">\n\t\t\t\t\t\t<div class=\"elementor-container elementor-column-gap-default\">\n\t\t\t\t\t<div class=\"elementor-column elementor-col-100 elementor-inner-column elementor-element elementor-element-8ad72b4\" data-id=\"8ad72b4\" data-element_type=\"column\" data-e-type=\"column\">\n\t\t\t<div class=\"elementor-widget-wrap elementor-element-populated\">\n\t\t\t\t\t\t<div class=\"elementor-element elementor-element-b228104 elementor-align-center elementor-widget elementor-widget-button\" data-id=\"b228104\" data-element_type=\"widget\" data-e-type=\"widget\" data-widget_type=\"button.default\">\n\t\t\t\t<div class=\"elementor-widget-container\">\n\t\t\t\t\t\t\t\t\t<div class=\"elementor-button-wrapper\">\n\t\t\t\t\t<a class=\"elementor-button elementor-button-link elementor-size-md\" href=\"https:\/\/www.amazon.com\/Boost-Your-Life-Days-Affirmation\/dp\/B085HJRYBT\/%20ref=sr_1_1?%20crid=B58HLZJRGXZ3&#038;keywords=jim+rajan&#038;qid=1690204958&#038;sprefix=jim+rajan%%202Caps%2C228&#038;sr=8-1\" target=\"_blank\">\n\t\t\t\t\t\t<span class=\"elementor-button-content-wrapper\">\n\t\t\t\t\t\t\t\t\t<span class=\"elementor-button-text\">Comprar<\/span>\n\t\t\t\t\t<\/span>\n\t\t\t\t\t<\/a>\n\t\t\t\t<\/div>\n\t\t\t\t\t\t\t\t<\/div>\n\t\t\t\t<\/div>\n\t\t\t\t\t<\/div>\n\t\t<\/div>\n\t\t\t\t\t<\/div>\n\t\t<\/section>\n\t\t\t\t\t<\/div>\n\t\t<\/div>\n\t\t\t\t<div class=\"elementor-column elementor-col-50 elementor-top-column elementor-element elementor-element-fe1e0e3\" data-id=\"fe1e0e3\" data-element_type=\"column\" data-e-type=\"column\">\n\t\t\t<div class=\"elementor-widget-wrap elementor-element-populated\">\n\t\t\t\t\t\t<div class=\"elementor-element elementor-element-8705561 elementor-widget elementor-widget-image\" data-id=\"8705561\" data-element_type=\"widget\" data-e-type=\"widget\" data-widget_type=\"image.default\">\n\t\t\t\t<div class=\"elementor-widget-container\">\n\t\t\t\t\t\t\t\t\t\t\t\t\t\t\t<img decoding=\"async\" width=\"800\" height=\"805\" src=\"https:\/\/jimrajan.com\/wp-content\/uploads\/2023\/12\/boostyourlife-1018x1024.png\" class=\"attachment-large size-large wp-image-2642\" alt=\"\" srcset=\"https:\/\/jimrajan.com\/wp-content\/uploads\/2023\/12\/boostyourlife-1018x1024.png 1018w, https:\/\/jimrajan.com\/wp-content\/uploads\/2023\/12\/boostyourlife-298x300.png 298w, https:\/\/jimrajan.com\/wp-content\/uploads\/2023\/12\/boostyourlife-150x150.png 150w, https:\/\/jimrajan.com\/wp-content\/uploads\/2023\/12\/boostyourlife-768x773.png 768w, https:\/\/jimrajan.com\/wp-content\/uploads\/2023\/12\/boostyourlife-600x604.png 600w, https:\/\/jimrajan.com\/wp-content\/uploads\/2023\/12\/boostyourlife-100x100.png 100w, https:\/\/jimrajan.com\/wp-content\/uploads\/2023\/12\/boostyourlife.png 1100w\" sizes=\"(max-width: 800px) 100vw, 800px\" \/>\t\t\t\t\t\t\t\t\t\t\t\t\t\t\t<\/div>\n\t\t\t\t<\/div>\n\t\t\t\t\t<\/div>\n\t\t<\/div>\n\t\t\t\t\t<\/div>\n\t\t<\/section>\n\t\t\t\t<\/div>\n\t\t","protected":false},"excerpt":{"rendered":"<p>The Book of Journeys Este peque\u00f1o y elegante libro de cuentos y poemas es un recurso que Jim ha utilizado en sus talleres y cursos. Est\u00e1 lleno de viajes sencillos y m\u00e1gicos que te llevar\u00e1n a un estado de conciencia m\u00e1s profundo. A medida que pasas cada p\u00e1gina, te encontrar\u00e1s inmerso en el mundo m\u00edstico [&hellip;]<\/p>\n","protected":false},"author":2,"featured_media":0,"parent":0,"menu_order":0,"comment_status":"closed","ping_status":"closed","template":"","meta":{"footnotes":""},"class_list":["post-1429","page","type-page","status-publish","hentry"],"yoast_head":"<!-- This site is optimized with the Yoast SEO plugin v27.1.1 - https:\/\/yoast.com\/product\/yoast-seo-wordpress\/ -->\n<title>Libros - Jim Rajan, Healing Ceremony<\/title>\n<meta name=\"robots\" content=\"index, follow, max-snippet:-1, max-image-preview:large, max-video-preview:-1\" \/>\n<link rel=\"canonical\" href=\"https:\/\/jimrajan.com\/es\/libros\/\" \/>\n<meta property=\"og:locale\" content=\"es_ES\" \/>\n<meta property=\"og:type\" content=\"article\" \/>\n<meta property=\"og:title\" content=\"Libros - Jim Rajan, Healing Ceremony\" \/>\n<meta property=\"og:description\" content=\"The Book of Journeys Este peque\u00f1o y elegante libro de cuentos y poemas es un recurso que Jim ha utilizado en sus talleres y cursos. Est\u00e1 lleno de viajes sencillos y m\u00e1gicos que te llevar\u00e1n a un estado de conciencia m\u00e1s profundo. A medida que pasas cada p\u00e1gina, te encontrar\u00e1s inmerso en el mundo m\u00edstico [&hellip;]\" \/>\n<meta property=\"og:url\" content=\"https:\/\/jimrajan.com\/es\/libros\/\" \/>\n<meta property=\"og:site_name\" content=\"Jim Rajan, Healing Ceremony\" \/>\n<meta property=\"article:modified_time\" content=\"2023-12-29T09:40:19+00:00\" \/>\n<meta property=\"og:image\" content=\"https:\/\/jimrajan.com\/wp-content\/uploads\/2023\/07\/thebookofjourneys-737x1024.webp\" \/>\n<meta name=\"twitter:card\" content=\"summary_large_image\" \/>\n<meta name=\"twitter:label1\" content=\"Tiempo de lectura\" \/>\n\t<meta name=\"twitter:data1\" content=\"3 minutos\" \/>\n<script type=\"application\/ld+json\" class=\"yoast-schema-graph\">{\"@context\":\"https:\/\/schema.org\",\"@graph\":[{\"@type\":\"WebPage\",\"@id\":\"https:\/\/jimrajan.com\/es\/libros\/\",\"url\":\"https:\/\/jimrajan.com\/es\/libros\/\",\"name\":\"Libros - Jim Rajan, Healing Ceremony\",\"isPartOf\":{\"@id\":\"https:\/\/jimrajan.com\/es\/#website\"},\"primaryImageOfPage\":{\"@id\":\"https:\/\/jimrajan.com\/es\/libros\/#primaryimage\"},\"image\":{\"@id\":\"https:\/\/jimrajan.com\/es\/libros\/#primaryimage\"},\"thumbnailUrl\":\"https:\/\/jimrajan.com\/wp-content\/uploads\/2023\/07\/thebookofjourneys-737x1024.webp\",\"datePublished\":\"2023-07-17T10:13:02+00:00\",\"dateModified\":\"2023-12-29T09:40:19+00:00\",\"breadcrumb\":{\"@id\":\"https:\/\/jimrajan.com\/es\/libros\/#breadcrumb\"},\"inLanguage\":\"es\",\"potentialAction\":[{\"@type\":\"ReadAction\",\"target\":[\"https:\/\/jimrajan.com\/es\/libros\/\"]}]},{\"@type\":\"ImageObject\",\"inLanguage\":\"es\",\"@id\":\"https:\/\/jimrajan.com\/es\/libros\/#primaryimage\",\"url\":\"https:\/\/jimrajan.com\/wp-content\/uploads\/2023\/07\/thebookofjourneys-737x1024.webp\",\"contentUrl\":\"https:\/\/jimrajan.com\/wp-content\/uploads\/2023\/07\/thebookofjourneys-737x1024.webp\"},{\"@type\":\"BreadcrumbList\",\"@id\":\"https:\/\/jimrajan.com\/es\/libros\/#breadcrumb\",\"itemListElement\":[{\"@type\":\"ListItem\",\"position\":1,\"name\":\"Portada\",\"item\":\"https:\/\/jimrajan.com\/es\/\"},{\"@type\":\"ListItem\",\"position\":2,\"name\":\"Libros\"}]},{\"@type\":\"WebSite\",\"@id\":\"https:\/\/jimrajan.com\/es\/#website\",\"url\":\"https:\/\/jimrajan.com\/es\/\",\"name\":\"Jim Rajan, Healing Ceremony\",\"description\":\"This site is a space dedicated to the work of Master Seer, Healer and Teacher, Jim Rajan.\",\"publisher\":{\"@id\":\"https:\/\/jimrajan.com\/es\/#\/schema\/person\/3646233c30d6603f9214c2b860abe915\"},\"potentialAction\":[{\"@type\":\"SearchAction\",\"target\":{\"@type\":\"EntryPoint\",\"urlTemplate\":\"https:\/\/jimrajan.com\/es\/?s={search_term_string}\"},\"query-input\":{\"@type\":\"PropertyValueSpecification\",\"valueRequired\":true,\"valueName\":\"search_term_string\"}}],\"inLanguage\":\"es\"},{\"@type\":[\"Person\",\"Organization\"],\"@id\":\"https:\/\/jimrajan.com\/es\/#\/schema\/person\/3646233c30d6603f9214c2b860abe915\",\"name\":\"Jim Rajan\",\"image\":{\"@type\":\"ImageObject\",\"inLanguage\":\"es\",\"@id\":\"https:\/\/jimrajan.com\/es\/#\/schema\/person\/image\/\",\"url\":\"https:\/\/jimrajan.com\/wp-content\/uploads\/2023\/07\/cropped-cropped-logo1.png\",\"contentUrl\":\"https:\/\/jimrajan.com\/wp-content\/uploads\/2023\/07\/cropped-cropped-logo1.png\",\"width\":919,\"height\":776,\"caption\":\"Jim Rajan\"},\"logo\":{\"@id\":\"https:\/\/jimrajan.com\/es\/#\/schema\/person\/image\/\"}}]}<\/script>\n<!-- \/ Yoast SEO plugin. -->","yoast_head_json":{"title":"Libros - Jim Rajan, Healing Ceremony","robots":{"index":"index","follow":"follow","max-snippet":"max-snippet:-1","max-image-preview":"max-image-preview:large","max-video-preview":"max-video-preview:-1"},"canonical":"https:\/\/jimrajan.com\/es\/libros\/","og_locale":"es_ES","og_type":"article","og_title":"Libros - Jim Rajan, Healing Ceremony","og_description":"The Book of Journeys Este peque\u00f1o y elegante libro de cuentos y poemas es un recurso que Jim ha utilizado en sus talleres y cursos. Est\u00e1 lleno de viajes sencillos y m\u00e1gicos que te llevar\u00e1n a un estado de conciencia m\u00e1s profundo. A medida que pasas cada p\u00e1gina, te encontrar\u00e1s inmerso en el mundo m\u00edstico [&hellip;]","og_url":"https:\/\/jimrajan.com\/es\/libros\/","og_site_name":"Jim Rajan, Healing Ceremony","article_modified_time":"2023-12-29T09:40:19+00:00","og_image":[{"url":"https:\/\/jimrajan.com\/wp-content\/uploads\/2023\/07\/thebookofjourneys-737x1024.webp","type":"","width":"","height":""}],"twitter_card":"summary_large_image","twitter_misc":{"Tiempo de lectura":"3 minutos"},"schema":{"@context":"https:\/\/schema.org","@graph":[{"@type":"WebPage","@id":"https:\/\/jimrajan.com\/es\/libros\/","url":"https:\/\/jimrajan.com\/es\/libros\/","name":"Libros - Jim Rajan, Healing Ceremony","isPartOf":{"@id":"https:\/\/jimrajan.com\/es\/#website"},"primaryImageOfPage":{"@id":"https:\/\/jimrajan.com\/es\/libros\/#primaryimage"},"image":{"@id":"https:\/\/jimrajan.com\/es\/libros\/#primaryimage"},"thumbnailUrl":"https:\/\/jimrajan.com\/wp-content\/uploads\/2023\/07\/thebookofjourneys-737x1024.webp","datePublished":"2023-07-17T10:13:02+00:00","dateModified":"2023-12-29T09:40:19+00:00","breadcrumb":{"@id":"https:\/\/jimrajan.com\/es\/libros\/#breadcrumb"},"inLanguage":"es","potentialAction":[{"@type":"ReadAction","target":["https:\/\/jimrajan.com\/es\/libros\/"]}]},{"@type":"ImageObject","inLanguage":"es","@id":"https:\/\/jimrajan.com\/es\/libros\/#primaryimage","url":"https:\/\/jimrajan.com\/wp-content\/uploads\/2023\/07\/thebookofjourneys-737x1024.webp","contentUrl":"https:\/\/jimrajan.com\/wp-content\/uploads\/2023\/07\/thebookofjourneys-737x1024.webp"},{"@type":"BreadcrumbList","@id":"https:\/\/jimrajan.com\/es\/libros\/#breadcrumb","itemListElement":[{"@type":"ListItem","position":1,"name":"Portada","item":"https:\/\/jimrajan.com\/es\/"},{"@type":"ListItem","position":2,"name":"Libros"}]},{"@type":"WebSite","@id":"https:\/\/jimrajan.com\/es\/#website","url":"https:\/\/jimrajan.com\/es\/","name":"Jim Rajan, Healing Ceremony","description":"This site is a space dedicated to the work of Master Seer, Healer and Teacher, Jim Rajan.","publisher":{"@id":"https:\/\/jimrajan.com\/es\/#\/schema\/person\/3646233c30d6603f9214c2b860abe915"},"potentialAction":[{"@type":"SearchAction","target":{"@type":"EntryPoint","urlTemplate":"https:\/\/jimrajan.com\/es\/?s={search_term_string}"},"query-input":{"@type":"PropertyValueSpecification","valueRequired":true,"valueName":"search_term_string"}}],"inLanguage":"es"},{"@type":["Person","Organization"],"@id":"https:\/\/jimrajan.com\/es\/#\/schema\/person\/3646233c30d6603f9214c2b860abe915","name":"Jim Rajan","image":{"@type":"ImageObject","inLanguage":"es","@id":"https:\/\/jimrajan.com\/es\/#\/schema\/person\/image\/","url":"https:\/\/jimrajan.com\/wp-content\/uploads\/2023\/07\/cropped-cropped-logo1.png","contentUrl":"https:\/\/jimrajan.com\/wp-content\/uploads\/2023\/07\/cropped-cropped-logo1.png","width":919,"height":776,"caption":"Jim Rajan"},"logo":{"@id":"https:\/\/jimrajan.com\/es\/#\/schema\/person\/image\/"}}]}},"_links":{"self":[{"href":"https:\/\/jimrajan.com\/es\/wp-json\/wp\/v2\/pages\/1429","targetHints":{"allow":["GET"]}}],"collection":[{"href":"https:\/\/jimrajan.com\/es\/wp-json\/wp\/v2\/pages"}],"about":[{"href":"https:\/\/jimrajan.com\/es\/wp-json\/wp\/v2\/types\/page"}],"author":[{"embeddable":true,"href":"https:\/\/jimrajan.com\/es\/wp-json\/wp\/v2\/users\/2"}],"replies":[{"embeddable":true,"href":"https:\/\/jimrajan.com\/es\/wp-json\/wp\/v2\/comments?post=1429"}],"version-history":[{"count":5,"href":"https:\/\/jimrajan.com\/es\/wp-json\/wp\/v2\/pages\/1429\/revisions"}],"predecessor-version":[{"id":2646,"href":"https:\/\/jimrajan.com\/es\/wp-json\/wp\/v2\/pages\/1429\/revisions\/2646"}],"wp:attachment":[{"href":"https:\/\/jimrajan.com\/es\/wp-json\/wp\/v2\/media?parent=1429"}],"curies":[{"name":"wp","href":"https:\/\/api.w.org\/{rel}","templated":true}]}}