{"id":1423,"date":"2023-08-09T08:18:09","date_gmt":"2023-08-09T08:18:09","guid":{"rendered":"https:\/\/jimrajan.com\/?page_id=1423"},"modified":"2023-11-30T13:33:38","modified_gmt":"2023-11-30T13:33:38","slug":"musica","status":"publish","type":"page","link":"https:\/\/jimrajan.com\/es\/musica\/","title":{"rendered":"M\u00fasica"},"content":{"rendered":"\t\t<div data-elementor-type=\"wp-page\" data-elementor-id=\"1423\" class=\"elementor elementor-1423 elementor-823\" data-elementor-post-type=\"page\">\n\t\t\t\t\t\t<section class=\"elementor-section elementor-top-section elementor-element elementor-element-ad4f718 elementor-section-height-min-height elementor-section-boxed elementor-section-height-default elementor-section-items-middle\" data-id=\"ad4f718\" data-element_type=\"section\" data-e-type=\"section\" data-settings=\"{&quot;background_background&quot;:&quot;classic&quot;}\">\n\t\t\t\t\t\t<div class=\"elementor-container elementor-column-gap-default\">\n\t\t\t\t\t<div class=\"elementor-column elementor-col-100 elementor-top-column elementor-element elementor-element-a1e3346\" data-id=\"a1e3346\" data-element_type=\"column\" data-e-type=\"column\">\n\t\t\t<div class=\"elementor-widget-wrap\">\n\t\t\t\t\t\t\t<\/div>\n\t\t<\/div>\n\t\t\t\t\t<\/div>\n\t\t<\/section>\n\t\t\t\t<section class=\"elementor-section elementor-top-section elementor-element elementor-element-e532c1a elementor-section-boxed elementor-section-height-default elementor-section-height-default\" data-id=\"e532c1a\" data-element_type=\"section\" data-e-type=\"section\">\n\t\t\t\t\t\t<div class=\"elementor-container elementor-column-gap-default\">\n\t\t\t\t\t<div class=\"elementor-column elementor-col-100 elementor-top-column elementor-element elementor-element-454be2e\" data-id=\"454be2e\" data-element_type=\"column\" data-e-type=\"column\">\n\t\t\t<div class=\"elementor-widget-wrap elementor-element-populated\">\n\t\t\t\t\t\t<div class=\"elementor-element elementor-element-2169a50 elementor-widget elementor-widget-heading\" data-id=\"2169a50\" data-element_type=\"widget\" data-e-type=\"widget\" data-widget_type=\"heading.default\">\n\t\t\t\t<div class=\"elementor-widget-container\">\n\t\t\t\t\t<h2 class=\"elementor-heading-title elementor-size-default\">M\u00fasica<\/h2>\t\t\t\t<\/div>\n\t\t\t\t<\/div>\n\t\t\t\t<div class=\"elementor-element elementor-element-d422816 elementor-widget elementor-widget-heading\" data-id=\"d422816\" data-element_type=\"widget\" data-e-type=\"widget\" data-widget_type=\"heading.default\">\n\t\t\t\t<div class=\"elementor-widget-container\">\n\t\t\t\t\t<h3 class=\"elementor-heading-title elementor-size-default\">Sonidos curativos que te llevan a una presencia m\u00e1s profunda.<\/h3>\t\t\t\t<\/div>\n\t\t\t\t<\/div>\n\t\t\t\t<div class=\"elementor-element elementor-element-649f04c elementor-widget elementor-widget-text-editor\" data-id=\"649f04c\" data-element_type=\"widget\" data-e-type=\"widget\" data-widget_type=\"text-editor.default\">\n\t\t\t\t<div class=\"elementor-widget-container\">\n\t\t\t\t\t\t\t\t\t<div class=\"page\" title=\"Page 7\"><div class=\"section\"><div class=\"layoutArea\"><div class=\"column\"><p>Jim Rajan ha sido un devoto estudiante de la flauta Bansuri durante 18 a\u00f1os. Se form\u00f3 en M\u00fasica Cl\u00e1sica del Norte de la India con Carlos Guerra e Ido Segal, y ha participado en talleres impartidos por Pandit Ronu Majumdar.<\/p><p>Jim ha actuado en retiros de meditaci\u00f3n, conferencias de mindfulness, conciertos y talleres de sanaci\u00f3n. A muchos de los clientes de Jim les gusta usar grabaciones de su m\u00fasica mientras realizan su Healing Ceremony para enriquecer la experiencia conectiva. Como la mayor\u00eda de sus clientes est\u00e1n al otro lado del mundo, escuchar su m\u00fasica les ayuda a abrirse y conectarse m\u00e1s libremente durante las sesiones.<\/p><p>Como productor y compositor, Jim crea ricos paisajes sonoros con temas orientales. Naturalmente, se inspira en su herencia n\u00f3mada que se abri\u00f3 camino a trav\u00e9s de Persia, el norte de la India y el este de \u00c1frica.<\/p><p>La relaci\u00f3n entre la m\u00fasica y los estados alterados de conciencia ha sido parte de la cultura humana durante miles de a\u00f1os y el trabajo de Jim explora esto con gran detalle. Aqu\u00ed es donde se encuentran el misticismo y la curaci\u00f3n sonora.<\/p><p>La refinada calidad del sonido, la sutil delicadeza de la musicalidad y las vibrantes im\u00e1genes que evoca, se unen para crear un estilo de m\u00fasica original y \u00fanico.<\/p><\/div><\/div><\/div><\/div>\t\t\t\t\t\t\t\t<\/div>\n\t\t\t\t<\/div>\n\t\t\t\t<div class=\"elementor-element elementor-element-5f2128b elementor-widget elementor-widget-video\" data-id=\"5f2128b\" data-element_type=\"widget\" data-e-type=\"widget\" data-settings=\"{&quot;youtube_url&quot;:&quot;https:\\\/\\\/www.youtube.com\\\/watch?v=5TO7cc1iVHk&quot;,&quot;video_type&quot;:&quot;youtube&quot;,&quot;controls&quot;:&quot;yes&quot;}\" data-widget_type=\"video.default\">\n\t\t\t\t<div class=\"elementor-widget-container\">\n\t\t\t\t\t\t\t<div class=\"elementor-wrapper elementor-open-inline\">\n\t\t\t<div class=\"elementor-video\"><\/div>\t\t<\/div>\n\t\t\t\t\t\t<\/div>\n\t\t\t\t<\/div>\n\t\t\t\t\t<\/div>\n\t\t<\/div>\n\t\t\t\t\t<\/div>\n\t\t<\/section>\n\t\t\t\t<\/div>\n\t\t","protected":false},"excerpt":{"rendered":"<p>M\u00fasica Sonidos curativos que te llevan a una presencia m\u00e1s profunda. Jim Rajan ha sido un devoto estudiante de la flauta Bansuri durante 18 a\u00f1os. Se form\u00f3 en M\u00fasica Cl\u00e1sica del Norte de la India con Carlos Guerra e Ido Segal, y ha participado en talleres impartidos por Pandit Ronu Majumdar. Jim ha actuado en [&hellip;]<\/p>\n","protected":false},"author":2,"featured_media":0,"parent":0,"menu_order":0,"comment_status":"closed","ping_status":"closed","template":"","meta":{"footnotes":""},"class_list":["post-1423","page","type-page","status-publish","hentry"],"yoast_head":"<!-- This site is optimized with the Yoast SEO plugin v27.1.1 - https:\/\/yoast.com\/product\/yoast-seo-wordpress\/ -->\n<title>M\u00fasica - Jim Rajan, Healing Ceremony<\/title>\n<meta name=\"robots\" content=\"index, follow, max-snippet:-1, max-image-preview:large, max-video-preview:-1\" \/>\n<link rel=\"canonical\" href=\"https:\/\/jimrajan.com\/es\/musica\/\" \/>\n<meta property=\"og:locale\" content=\"es_ES\" \/>\n<meta property=\"og:type\" content=\"article\" \/>\n<meta property=\"og:title\" content=\"M\u00fasica - Jim Rajan, Healing Ceremony\" \/>\n<meta property=\"og:description\" content=\"M\u00fasica Sonidos curativos que te llevan a una presencia m\u00e1s profunda. Jim Rajan ha sido un devoto estudiante de la flauta Bansuri durante 18 a\u00f1os. Se form\u00f3 en M\u00fasica Cl\u00e1sica del Norte de la India con Carlos Guerra e Ido Segal, y ha participado en talleres impartidos por Pandit Ronu Majumdar. Jim ha actuado en [&hellip;]\" \/>\n<meta property=\"og:url\" content=\"https:\/\/jimrajan.com\/es\/musica\/\" \/>\n<meta property=\"og:site_name\" content=\"Jim Rajan, Healing Ceremony\" \/>\n<meta property=\"article:modified_time\" content=\"2023-11-30T13:33:38+00:00\" \/>\n<meta name=\"twitter:card\" content=\"summary_large_image\" \/>\n<meta name=\"twitter:label1\" content=\"Tiempo de lectura\" \/>\n\t<meta name=\"twitter:data1\" content=\"2 minutos\" \/>\n<script type=\"application\/ld+json\" class=\"yoast-schema-graph\">{\"@context\":\"https:\/\/schema.org\",\"@graph\":[{\"@type\":\"WebPage\",\"@id\":\"https:\/\/jimrajan.com\/es\/musica\/\",\"url\":\"https:\/\/jimrajan.com\/es\/musica\/\",\"name\":\"M\u00fasica - Jim Rajan, Healing Ceremony\",\"isPartOf\":{\"@id\":\"https:\/\/jimrajan.com\/es\/#website\"},\"datePublished\":\"2023-08-09T08:18:09+00:00\",\"dateModified\":\"2023-11-30T13:33:38+00:00\",\"breadcrumb\":{\"@id\":\"https:\/\/jimrajan.com\/es\/musica\/#breadcrumb\"},\"inLanguage\":\"es\",\"potentialAction\":[{\"@type\":\"ReadAction\",\"target\":[\"https:\/\/jimrajan.com\/es\/musica\/\"]}]},{\"@type\":\"BreadcrumbList\",\"@id\":\"https:\/\/jimrajan.com\/es\/musica\/#breadcrumb\",\"itemListElement\":[{\"@type\":\"ListItem\",\"position\":1,\"name\":\"Portada\",\"item\":\"https:\/\/jimrajan.com\/es\/\"},{\"@type\":\"ListItem\",\"position\":2,\"name\":\"M\u00fasica\"}]},{\"@type\":\"WebSite\",\"@id\":\"https:\/\/jimrajan.com\/es\/#website\",\"url\":\"https:\/\/jimrajan.com\/es\/\",\"name\":\"Jim Rajan, Healing Ceremony\",\"description\":\"This site is a space dedicated to the work of Master Seer, Healer and Teacher, Jim Rajan.\",\"publisher\":{\"@id\":\"https:\/\/jimrajan.com\/es\/#\/schema\/person\/3646233c30d6603f9214c2b860abe915\"},\"potentialAction\":[{\"@type\":\"SearchAction\",\"target\":{\"@type\":\"EntryPoint\",\"urlTemplate\":\"https:\/\/jimrajan.com\/es\/?s={search_term_string}\"},\"query-input\":{\"@type\":\"PropertyValueSpecification\",\"valueRequired\":true,\"valueName\":\"search_term_string\"}}],\"inLanguage\":\"es\"},{\"@type\":[\"Person\",\"Organization\"],\"@id\":\"https:\/\/jimrajan.com\/es\/#\/schema\/person\/3646233c30d6603f9214c2b860abe915\",\"name\":\"Jim Rajan\",\"image\":{\"@type\":\"ImageObject\",\"inLanguage\":\"es\",\"@id\":\"https:\/\/jimrajan.com\/es\/#\/schema\/person\/image\/\",\"url\":\"https:\/\/jimrajan.com\/wp-content\/uploads\/2023\/07\/cropped-cropped-logo1.png\",\"contentUrl\":\"https:\/\/jimrajan.com\/wp-content\/uploads\/2023\/07\/cropped-cropped-logo1.png\",\"width\":919,\"height\":776,\"caption\":\"Jim Rajan\"},\"logo\":{\"@id\":\"https:\/\/jimrajan.com\/es\/#\/schema\/person\/image\/\"}}]}<\/script>\n<!-- \/ Yoast SEO plugin. -->","yoast_head_json":{"title":"M\u00fasica - Jim Rajan, Healing Ceremony","robots":{"index":"index","follow":"follow","max-snippet":"max-snippet:-1","max-image-preview":"max-image-preview:large","max-video-preview":"max-video-preview:-1"},"canonical":"https:\/\/jimrajan.com\/es\/musica\/","og_locale":"es_ES","og_type":"article","og_title":"M\u00fasica - Jim Rajan, Healing Ceremony","og_description":"M\u00fasica Sonidos curativos que te llevan a una presencia m\u00e1s profunda. Jim Rajan ha sido un devoto estudiante de la flauta Bansuri durante 18 a\u00f1os. Se form\u00f3 en M\u00fasica Cl\u00e1sica del Norte de la India con Carlos Guerra e Ido Segal, y ha participado en talleres impartidos por Pandit Ronu Majumdar. Jim ha actuado en [&hellip;]","og_url":"https:\/\/jimrajan.com\/es\/musica\/","og_site_name":"Jim Rajan, Healing Ceremony","article_modified_time":"2023-11-30T13:33:38+00:00","twitter_card":"summary_large_image","twitter_misc":{"Tiempo de lectura":"2 minutos"},"schema":{"@context":"https:\/\/schema.org","@graph":[{"@type":"WebPage","@id":"https:\/\/jimrajan.com\/es\/musica\/","url":"https:\/\/jimrajan.com\/es\/musica\/","name":"M\u00fasica - Jim Rajan, Healing Ceremony","isPartOf":{"@id":"https:\/\/jimrajan.com\/es\/#website"},"datePublished":"2023-08-09T08:18:09+00:00","dateModified":"2023-11-30T13:33:38+00:00","breadcrumb":{"@id":"https:\/\/jimrajan.com\/es\/musica\/#breadcrumb"},"inLanguage":"es","potentialAction":[{"@type":"ReadAction","target":["https:\/\/jimrajan.com\/es\/musica\/"]}]},{"@type":"BreadcrumbList","@id":"https:\/\/jimrajan.com\/es\/musica\/#breadcrumb","itemListElement":[{"@type":"ListItem","position":1,"name":"Portada","item":"https:\/\/jimrajan.com\/es\/"},{"@type":"ListItem","position":2,"name":"M\u00fasica"}]},{"@type":"WebSite","@id":"https:\/\/jimrajan.com\/es\/#website","url":"https:\/\/jimrajan.com\/es\/","name":"Jim Rajan, Healing Ceremony","description":"This site is a space dedicated to the work of Master Seer, Healer and Teacher, Jim Rajan.","publisher":{"@id":"https:\/\/jimrajan.com\/es\/#\/schema\/person\/3646233c30d6603f9214c2b860abe915"},"potentialAction":[{"@type":"SearchAction","target":{"@type":"EntryPoint","urlTemplate":"https:\/\/jimrajan.com\/es\/?s={search_term_string}"},"query-input":{"@type":"PropertyValueSpecification","valueRequired":true,"valueName":"search_term_string"}}],"inLanguage":"es"},{"@type":["Person","Organization"],"@id":"https:\/\/jimrajan.com\/es\/#\/schema\/person\/3646233c30d6603f9214c2b860abe915","name":"Jim Rajan","image":{"@type":"ImageObject","inLanguage":"es","@id":"https:\/\/jimrajan.com\/es\/#\/schema\/person\/image\/","url":"https:\/\/jimrajan.com\/wp-content\/uploads\/2023\/07\/cropped-cropped-logo1.png","contentUrl":"https:\/\/jimrajan.com\/wp-content\/uploads\/2023\/07\/cropped-cropped-logo1.png","width":919,"height":776,"caption":"Jim Rajan"},"logo":{"@id":"https:\/\/jimrajan.com\/es\/#\/schema\/person\/image\/"}}]}},"_links":{"self":[{"href":"https:\/\/jimrajan.com\/es\/wp-json\/wp\/v2\/pages\/1423","targetHints":{"allow":["GET"]}}],"collection":[{"href":"https:\/\/jimrajan.com\/es\/wp-json\/wp\/v2\/pages"}],"about":[{"href":"https:\/\/jimrajan.com\/es\/wp-json\/wp\/v2\/types\/page"}],"author":[{"embeddable":true,"href":"https:\/\/jimrajan.com\/es\/wp-json\/wp\/v2\/users\/2"}],"replies":[{"embeddable":true,"href":"https:\/\/jimrajan.com\/es\/wp-json\/wp\/v2\/comments?post=1423"}],"version-history":[{"count":5,"href":"https:\/\/jimrajan.com\/es\/wp-json\/wp\/v2\/pages\/1423\/revisions"}],"predecessor-version":[{"id":2238,"href":"https:\/\/jimrajan.com\/es\/wp-json\/wp\/v2\/pages\/1423\/revisions\/2238"}],"wp:attachment":[{"href":"https:\/\/jimrajan.com\/es\/wp-json\/wp\/v2\/media?parent=1423"}],"curies":[{"name":"wp","href":"https:\/\/api.w.org\/{rel}","templated":true}]}}